{"id":4707,"date":"2024-04-29T13:51:50","date_gmt":"2024-04-29T17:51:50","guid":{"rendered":"https:\/\/clients-conceptsk8.com\/cfqlmc-dev\/?page_id=4707"},"modified":"2024-08-22T14:15:21","modified_gmt":"2024-08-22T18:15:21","slug":"la-commission","status":"publish","type":"page","link":"https:\/\/clients-conceptsk8.com\/cfqlmc-dev\/la-commission\/","title":{"rendered":"La Commission"},"content":{"rendered":"\t\t<div data-elementor-type=\"wp-page\" data-elementor-id=\"4707\" class=\"elementor elementor-4707\" data-elementor-post-type=\"page\">\n\t\t\t\t<div class=\"elementor-element elementor-element-9190a1d e-flex e-con-boxed sc_inner_width_none sc_layouts_column_icons_position_left e-con e-parent\" data-id=\"9190a1d\" data-element_type=\"container\">\n\t\t\t\t\t<div class=\"e-con-inner\">\n\t\t\t\t<div class=\"elementor-element elementor-element-68d1e91 sc_fly_static elementor-widget elementor-widget-trx_sc_layouts_title\" data-id=\"68d1e91\" data-element_type=\"widget\" data-widget_type=\"trx_sc_layouts_title.default\">\n\t\t\t\t<div class=\"elementor-widget-container\">\n\t\t\t<div class=\"sc_layouts_title sc_align_center with_content without_image without_tint\"><div class=\"sc_layouts_title_content\"><div class=\"sc_layouts_title_title\"><h1 class=\"sc_layouts_title_caption\">La Commission<\/h1><\/div><div class=\"sc_layouts_title_breadcrumbs\"><div class=\"breadcrumbs\"><a class=\"breadcrumbs_item home\" href=\"https:\/\/clients-conceptsk8.com\/cfqlmc-dev\/\">Accueil<\/a><span class=\"breadcrumbs_delimiter\"><\/span><span class=\"breadcrumbs_item current\">La Commission<\/span><\/div><\/div><\/div><\/div>\t\t<\/div>\n\t\t\t\t<\/div>\n\t\t\t\t\t<\/div>\n\t\t\t\t<\/div>\n\t\t<div class=\"elementor-element elementor-element-182509b mainbox e-flex e-con-boxed sc_inner_width_none sc_layouts_column_icons_position_left e-con e-parent\" data-id=\"182509b\" data-element_type=\"container\">\n\t\t\t\t\t<div class=\"e-con-inner\">\n\t\t\t\t<div class=\"elementor-element elementor-element-9800f36 elementor-widget-tablet__width-initial sc_fly_static elementor-widget elementor-widget-text-editor\" data-id=\"9800f36\" data-element_type=\"widget\" data-widget_type=\"text-editor.default\">\n\t\t\t\t<div class=\"elementor-widget-container\">\n\t\t\t<style>\/*! elementor - v3.23.0 - 05-08-2024 *\/\n.elementor-widget-text-editor.elementor-drop-cap-view-stacked .elementor-drop-cap{background-color:#69727d;color:#fff}.elementor-widget-text-editor.elementor-drop-cap-view-framed .elementor-drop-cap{color:#69727d;border:3px solid;background-color:transparent}.elementor-widget-text-editor:not(.elementor-drop-cap-view-default) .elementor-drop-cap{margin-top:8px}.elementor-widget-text-editor:not(.elementor-drop-cap-view-default) .elementor-drop-cap-letter{width:1em;height:1em}.elementor-widget-text-editor .elementor-drop-cap{float:left;text-align:center;line-height:1;font-size:50px}.elementor-widget-text-editor .elementor-drop-cap-letter{display:inline-block}<\/style>\t\t\t\t<p>Nous sommes heureux de vous accueillir sur le site de la Commission.<\/p><p>La Commission de la m\u00e9moire franco-qu\u00e9b\u00e9coise est un organisme bilat\u00e9ral qui, de chaque c\u00f4t\u00e9 de l&#8217;Atlantique, rassemble des b\u00e9n\u00e9voles qui s&#8217;int\u00e9ressent \u00e0 l&#8217;histoire commune unissant Fran\u00e7ais et Qu\u00e9b\u00e9cois.<\/p><p>Les membres de la Commission partagent un m\u00eame objectif: celui de conna\u00eetre, de faire conna\u00eetre et de mettre en valeur notre patrimoine commun. Ce site constitue le reflet des activit\u00e9s de la Commission et une passerelle virtuelle avec ses partenaires.<\/p><p>La Commission est, \u00e0 la fois, un acteur institutionnel du dispositif de coop\u00e9ration entre la France et le Qu\u00e9bec, et un projet en constant devenir. En effet, elle accueille et r\u00e9unit des individus, organismes et institutions qui, sous diff\u00e9rents angles s&#8217;int\u00e9ressent \u00e0 la m\u00e9moire franco-qu\u00e9b\u00e9coise.<\/p><p>Tous ceux et celles qui se passionnent pour le d\u00e9veloppement ou le partage des connaissances relatives \u00e0 la m\u00e9moire franco-qu\u00e9b\u00e9coise sont donc les bienvenus \u00e0 cette adresse.<\/p><p>Vous y trouverez, en plus des informations sur les travaux et activit\u00e9s des membres de la Commission, une fonction de portail facilitant l&#8217;acc\u00e8s \u00e0 des sources documentaires d&#8217;int\u00e9r\u00eat.<\/p><p>Nous vous souhaitons une fructueuse visite et vous invitons \u00e0 nous transmettre vos commentaires.<\/p>\t\t\t\t\t\t<\/div>\n\t\t\t\t<\/div>\n\t\t<div class=\"elementor-element elementor-element-990532a e-con-full e-flex sc_inner_width_none sc_layouts_column_icons_position_left e-con e-child\" data-id=\"990532a\" data-element_type=\"container\">\n\t\t\t\t<div class=\"elementor-element elementor-element-e9b7b03 eael-team-align-eael-team-align-default sc_fly_static elementor-widget elementor-widget-eael-team-member\" data-id=\"e9b7b03\" data-element_type=\"widget\" data-widget_type=\"eael-team-member.default\">\n\t\t\t\t<div class=\"elementor-widget-container\">\n\t\t\t\n\n\t<div id=\"eael-team-member-e9b7b03\" class=\"eael-team-item eael-team-members-simple \">\n\t\t<div class=\"eael-team-item-inner\">\n\t\t\t<div class=\"eael-team-image\">\n\t\t\t\t<figure>\n\t\t\t\t\t<img decoding=\"async\" src=\"https:\/\/clients-conceptsk8.com\/cfqlmc-dev\/wp-content\/uploads\/elementor\/thumbs\/chantal-moreno-qnfod8awaf9xipyttn5el8syjmwh1wky77s8vihc3q.jpg\" alt=\"\">\n\t\t\t\t<\/figure>\n\t\t\t\t\n\t\t\t\t\n\t\t\t<\/div>\n\n\t\t\t<div class=\"eael-team-content\">\n\t\t\t\t<h2 class=\"eael-team-member-name\">Mme Chantal Moreno<\/h2>\n\t\t\t\t<h3 class=\"eael-team-member-position\">Copr\u00e9sidente- France <\/h3>\n\n\t\t\t\t\t\t\t\t\t\t\t\t\t\t<p class=\"eael-team-text\"><\/p>\n\t\t\t\t\t\t\t<\/div>\n\t\t<\/div>\n\t<\/div>\n\t\t\t<\/div>\n\t\t\t\t<\/div>\n\t\t\t\t<\/div>\n\t\t<div class=\"elementor-element elementor-element-f0e7742 e-con-full e-flex sc_inner_width_none sc_layouts_column_icons_position_left e-con e-child\" data-id=\"f0e7742\" data-element_type=\"container\">\n\t\t\t\t<div class=\"elementor-element elementor-element-bae756d eael-team-align-eael-team-align-default sc_fly_static elementor-widget elementor-widget-eael-team-member\" data-id=\"bae756d\" data-element_type=\"widget\" data-widget_type=\"eael-team-member.default\">\n\t\t\t\t<div class=\"elementor-widget-container\">\n\t\t\t\n\n\t<div id=\"eael-team-member-bae756d\" class=\"eael-team-item eael-team-members-simple \">\n\t\t<div class=\"eael-team-item-inner\">\n\t\t\t<div class=\"eael-team-image\">\n\t\t\t\t<figure>\n\t\t\t\t\t<img decoding=\"async\" src=\"https:\/\/clients-conceptsk8.com\/cfqlmc-dev\/wp-content\/uploads\/elementor\/thumbs\/denis-racine-qnfof6ssizyfph4fdzmfa90j3j9037ctgwpnv9kt52.jpg\" alt=\"\">\n\t\t\t\t<\/figure>\n\t\t\t\t\n\t\t\t\t\n\t\t\t<\/div>\n\n\t\t\t<div class=\"eael-team-content\">\n\t\t\t\t<h2 class=\"eael-team-member-name\">M. Denis Racine<\/h2>\n\t\t\t\t<h3 class=\"eael-team-member-position\">Copr\u00e9sident-Qu\u00e9bec<\/h3>\n\n\t\t\t\t\t\t\t\t\t\t\t\t\t\t<p class=\"eael-team-text\"><\/p>\n\t\t\t\t\t\t\t<\/div>\n\t\t<\/div>\n\t<\/div>\n\t\t\t<\/div>\n\t\t\t\t<\/div>\n\t\t\t\t<\/div>\n\t\t\t\t\t<\/div>\n\t\t\t\t<\/div>\n\t\t\t\t<\/div>\n\t\t","protected":false},"excerpt":{"rendered":"<p>Page (post) title HomePage (post) title Nous sommes heureux de vous accueillir sur le site de la Commission. La Commission de la m\u00e9moire franco-qu\u00e9b\u00e9coise est un organisme bilat\u00e9ral qui, de chaque c\u00f4t\u00e9 de l&#8217;Atlantique, rassemble&hellip;<\/p>\n","protected":false},"author":1,"featured_media":0,"parent":0,"menu_order":0,"comment_status":"closed","ping_status":"closed","template":"","meta":{"footnotes":""},"class_list":["post-4707","page","type-page","status-publish","hentry"],"_links":{"self":[{"href":"https:\/\/clients-conceptsk8.com\/cfqlmc-dev\/wp-json\/wp\/v2\/pages\/4707","targetHints":{"allow":["GET"]}}],"collection":[{"href":"https:\/\/clients-conceptsk8.com\/cfqlmc-dev\/wp-json\/wp\/v2\/pages"}],"about":[{"href":"https:\/\/clients-conceptsk8.com\/cfqlmc-dev\/wp-json\/wp\/v2\/types\/page"}],"author":[{"embeddable":true,"href":"https:\/\/clients-conceptsk8.com\/cfqlmc-dev\/wp-json\/wp\/v2\/users\/1"}],"replies":[{"embeddable":true,"href":"https:\/\/clients-conceptsk8.com\/cfqlmc-dev\/wp-json\/wp\/v2\/comments?post=4707"}],"version-history":[{"count":61,"href":"https:\/\/clients-conceptsk8.com\/cfqlmc-dev\/wp-json\/wp\/v2\/pages\/4707\/revisions"}],"predecessor-version":[{"id":9449,"href":"https:\/\/clients-conceptsk8.com\/cfqlmc-dev\/wp-json\/wp\/v2\/pages\/4707\/revisions\/9449"}],"wp:attachment":[{"href":"https:\/\/clients-conceptsk8.com\/cfqlmc-dev\/wp-json\/wp\/v2\/media?parent=4707"}],"curies":[{"name":"wp","href":"https:\/\/api.w.org\/{rel}","templated":true}]}}