{"id":5004,"date":"2024-04-30T14:18:22","date_gmt":"2024-04-30T18:18:22","guid":{"rendered":"https:\/\/clients-conceptsk8.com\/cfqlmc-dev\/?page_id=5004"},"modified":"2024-08-22T14:52:13","modified_gmt":"2024-08-22T18:52:13","slug":"rapports-annuels","status":"publish","type":"page","link":"https:\/\/clients-conceptsk8.com\/cfqlmc-dev\/la-commission\/rapports-annuels\/","title":{"rendered":"Rapports annuels"},"content":{"rendered":"\t\t<div data-elementor-type=\"wp-page\" data-elementor-id=\"5004\" class=\"elementor elementor-5004\" data-elementor-post-type=\"page\">\n\t\t\t\t<div class=\"elementor-element elementor-element-4e04623 e-flex e-con-boxed sc_inner_width_none sc_layouts_column_icons_position_left e-con e-parent\" data-id=\"4e04623\" data-element_type=\"container\">\n\t\t\t\t\t<div class=\"e-con-inner\">\n\t\t\t\t<div class=\"elementor-element elementor-element-1550efc sc_fly_static elementor-widget elementor-widget-trx_sc_layouts_title\" data-id=\"1550efc\" data-element_type=\"widget\" data-widget_type=\"trx_sc_layouts_title.default\">\n\t\t\t\t<div class=\"elementor-widget-container\">\n\t\t\t<div class=\"sc_layouts_title sc_align_center with_content without_image without_tint\"><div class=\"sc_layouts_title_content\"><div class=\"sc_layouts_title_title\"><h1 class=\"sc_layouts_title_caption\">Rapports annuels<\/h1><\/div><div class=\"sc_layouts_title_breadcrumbs\"><div class=\"breadcrumbs\"><a class=\"breadcrumbs_item home\" href=\"https:\/\/clients-conceptsk8.com\/cfqlmc-dev\/\">Accueil<\/a><span class=\"breadcrumbs_delimiter\"><\/span><span class=\"breadcrumbs_item current\">Rapports annuels<\/span><\/div><\/div><\/div><\/div>\t\t<\/div>\n\t\t\t\t<\/div>\n\t\t\t\t\t<\/div>\n\t\t\t\t<\/div>\n\t\t<div class=\"elementor-element elementor-element-6f6a7a4 mainbox e-flex e-con-boxed sc_inner_width_none sc_layouts_column_icons_position_left e-con e-parent\" data-id=\"6f6a7a4\" data-element_type=\"container\">\n\t\t\t\t\t<div class=\"e-con-inner\">\n\t\t\t\t<div class=\"elementor-element elementor-element-0f813a6 sc_fly_static elementor-widget elementor-widget-text-editor\" data-id=\"0f813a6\" data-element_type=\"widget\" data-widget_type=\"text-editor.default\">\n\t\t\t\t<div class=\"elementor-widget-container\">\n\t\t\t<style>\/*! elementor - v3.23.0 - 05-08-2024 *\/\n.elementor-widget-text-editor.elementor-drop-cap-view-stacked .elementor-drop-cap{background-color:#69727d;color:#fff}.elementor-widget-text-editor.elementor-drop-cap-view-framed .elementor-drop-cap{color:#69727d;border:3px solid;background-color:transparent}.elementor-widget-text-editor:not(.elementor-drop-cap-view-default) .elementor-drop-cap{margin-top:8px}.elementor-widget-text-editor:not(.elementor-drop-cap-view-default) .elementor-drop-cap-letter{width:1em;height:1em}.elementor-widget-text-editor .elementor-drop-cap{float:left;text-align:center;line-height:1;font-size:50px}.elementor-widget-text-editor .elementor-drop-cap-letter{display:inline-block}<\/style>\t\t\t\t<p>\u00c0 titre d\u2019information, voici les plus r\u00e9cents rapports annuels de la Commission.<\/p>\t\t\t\t\t\t<\/div>\n\t\t\t\t<\/div>\n\t\t\t\t<div class=\"elementor-element elementor-element-c63fc63 sc_fly_static elementor-widget elementor-widget-text-editor\" data-id=\"c63fc63\" data-element_type=\"widget\" data-widget_type=\"text-editor.default\">\n\t\t\t\t<div class=\"elementor-widget-container\">\n\t\t\t\t\t\t\t<ul class=\"arrow-rouge\"><li><p><a href=\"https:\/\/clients-conceptsk8.com\/cfqlmc-dev\/wp-content\/uploads\/2024\/05\/rapport-dactivites-2022-2023.pdf\" target=\"_blank\" rel=\"noopener\">Rapport d&#8217;activit\u00e9s 2022-2023<\/a><\/p><\/li><li><p><a href=\"https:\/\/clients-conceptsk8.com\/cfqlmc-dev\/wp-content\/uploads\/2024\/05\/rapport-dactivites-2021-2022.pdf\" target=\"_blank\" rel=\"noopener\">Rapport d&#8217;activit\u00e9s 2021-2022<\/a><\/p><\/li><li><p><a href=\"https:\/\/clients-conceptsk8.com\/cfqlmc-dev\/wp-content\/uploads\/2024\/05\/rapport-dactivites-2020-2021.pdf\" target=\"_blank\" rel=\"noopener\">Rapport d&#8217;activit\u00e9s 2020-2021<\/a><\/p><\/li><li><p><a href=\"https:\/\/clients-conceptsk8.com\/cfqlmc-dev\/wp-content\/uploads\/2024\/05\/rapport-dactivites_2019-2020.pdf\" target=\"_blank\" rel=\"noopener\">Rapport d&#8217;activit\u00e9s 2019-2020<\/a><\/p><\/li><li><p>Rapport d\u2019activit\u00e9s 2018-2019<\/p><\/li><li><p><a href=\"https:\/\/clients-conceptsk8.com\/cfqlmc-dev\/wp-content\/uploads\/2024\/05\/rapport-activites-2017-2018-1.pdf\" target=\"_blank\" rel=\"noopener\">Rapport d\u2019activit\u00e9s 2017-2018<\/a><\/p><\/li><\/ul>\t\t\t\t\t\t<\/div>\n\t\t\t\t<\/div>\n\t\t\t\t\t<\/div>\n\t\t\t\t<\/div>\n\t\t\t\t<\/div>\n\t\t","protected":false},"excerpt":{"rendered":"<p>Page (post) title HomePage (post) title \u00c0 titre d\u2019information, voici les plus r\u00e9cents rapports annuels de la Commission. Rapport d&#8217;activit\u00e9s 2022-2023 Rapport d&#8217;activit\u00e9s 2021-2022 Rapport d&#8217;activit\u00e9s 2020-2021 Rapport d&#8217;activit\u00e9s 2019-2020 Rapport d\u2019activit\u00e9s 2018-2019 Rapport d\u2019activit\u00e9s&hellip;<\/p>\n","protected":false},"author":1,"featured_media":0,"parent":4707,"menu_order":0,"comment_status":"closed","ping_status":"closed","template":"","meta":{"footnotes":""},"class_list":["post-5004","page","type-page","status-publish","hentry"],"_links":{"self":[{"href":"https:\/\/clients-conceptsk8.com\/cfqlmc-dev\/wp-json\/wp\/v2\/pages\/5004","targetHints":{"allow":["GET"]}}],"collection":[{"href":"https:\/\/clients-conceptsk8.com\/cfqlmc-dev\/wp-json\/wp\/v2\/pages"}],"about":[{"href":"https:\/\/clients-conceptsk8.com\/cfqlmc-dev\/wp-json\/wp\/v2\/types\/page"}],"author":[{"embeddable":true,"href":"https:\/\/clients-conceptsk8.com\/cfqlmc-dev\/wp-json\/wp\/v2\/users\/1"}],"replies":[{"embeddable":true,"href":"https:\/\/clients-conceptsk8.com\/cfqlmc-dev\/wp-json\/wp\/v2\/comments?post=5004"}],"version-history":[{"count":26,"href":"https:\/\/clients-conceptsk8.com\/cfqlmc-dev\/wp-json\/wp\/v2\/pages\/5004\/revisions"}],"predecessor-version":[{"id":9479,"href":"https:\/\/clients-conceptsk8.com\/cfqlmc-dev\/wp-json\/wp\/v2\/pages\/5004\/revisions\/9479"}],"up":[{"embeddable":true,"href":"https:\/\/clients-conceptsk8.com\/cfqlmc-dev\/wp-json\/wp\/v2\/pages\/4707"}],"wp:attachment":[{"href":"https:\/\/clients-conceptsk8.com\/cfqlmc-dev\/wp-json\/wp\/v2\/media?parent=5004"}],"curies":[{"name":"wp","href":"https:\/\/api.w.org\/{rel}","templated":true}]}}