{"id":5006,"date":"2024-04-30T14:18:16","date_gmt":"2024-04-30T18:18:16","guid":{"rendered":"https:\/\/clients-conceptsk8.com\/cfqlmc-dev\/?page_id=5006"},"modified":"2024-08-22T14:48:56","modified_gmt":"2024-08-22T18:48:56","slug":"assemblees-generales","status":"publish","type":"page","link":"https:\/\/clients-conceptsk8.com\/cfqlmc-dev\/la-commission\/assemblees-generales\/","title":{"rendered":"Assembl\u00e9es g\u00e9n\u00e9rales"},"content":{"rendered":"\t\t<div data-elementor-type=\"wp-page\" data-elementor-id=\"5006\" class=\"elementor elementor-5006\" data-elementor-post-type=\"page\">\n\t\t\t\t<div class=\"elementor-element elementor-element-4e04623 e-flex e-con-boxed sc_inner_width_none sc_layouts_column_icons_position_left e-con e-parent\" data-id=\"4e04623\" data-element_type=\"container\">\n\t\t\t\t\t<div class=\"e-con-inner\">\n\t\t\t\t<div class=\"elementor-element elementor-element-1550efc sc_fly_static elementor-widget elementor-widget-trx_sc_layouts_title\" data-id=\"1550efc\" data-element_type=\"widget\" data-widget_type=\"trx_sc_layouts_title.default\">\n\t\t\t\t<div class=\"elementor-widget-container\">\n\t\t\t<div class=\"sc_layouts_title sc_align_center with_content without_image without_tint\"><div class=\"sc_layouts_title_content\"><div class=\"sc_layouts_title_title\"><h1 class=\"sc_layouts_title_caption\">Assembl\u00e9es g\u00e9n\u00e9rales<\/h1><\/div><div class=\"sc_layouts_title_breadcrumbs\"><div class=\"breadcrumbs\"><a class=\"breadcrumbs_item home\" href=\"https:\/\/clients-conceptsk8.com\/cfqlmc-dev\/\">Accueil<\/a><span class=\"breadcrumbs_delimiter\"><\/span><span class=\"breadcrumbs_item current\">Assembl\u00e9es g\u00e9n\u00e9rales<\/span><\/div><\/div><\/div><\/div>\t\t<\/div>\n\t\t\t\t<\/div>\n\t\t\t\t\t<\/div>\n\t\t\t\t<\/div>\n\t\t<div class=\"elementor-element elementor-element-6f6a7a4 mainbox e-flex e-con-boxed sc_inner_width_none sc_layouts_column_icons_position_left e-con e-parent\" data-id=\"6f6a7a4\" data-element_type=\"container\">\n\t\t\t\t\t<div class=\"e-con-inner\">\n\t\t\t\t<div class=\"elementor-element elementor-element-4228168 sc_fly_static elementor-widget elementor-widget-text-editor\" data-id=\"4228168\" data-element_type=\"widget\" data-widget_type=\"text-editor.default\">\n\t\t\t\t<div class=\"elementor-widget-container\">\n\t\t\t<style>\/*! elementor - v3.23.0 - 05-08-2024 *\/\n.elementor-widget-text-editor.elementor-drop-cap-view-stacked .elementor-drop-cap{background-color:#69727d;color:#fff}.elementor-widget-text-editor.elementor-drop-cap-view-framed .elementor-drop-cap{color:#69727d;border:3px solid;background-color:transparent}.elementor-widget-text-editor:not(.elementor-drop-cap-view-default) .elementor-drop-cap{margin-top:8px}.elementor-widget-text-editor:not(.elementor-drop-cap-view-default) .elementor-drop-cap-letter{width:1em;height:1em}.elementor-widget-text-editor .elementor-drop-cap{float:left;text-align:center;line-height:1;font-size:50px}.elementor-widget-text-editor .elementor-drop-cap-letter{display:inline-block}<\/style>\t\t\t\t<p>La Commission tient \u00e0 chaque ann\u00e9e une assembl\u00e9e d\u2019information avec ses membres associ\u00e9s et ses partenaires.<\/p>\t\t\t\t\t\t<\/div>\n\t\t\t\t<\/div>\n\t\t\t\t<div class=\"elementor-element elementor-element-41e38ae sc_fly_static elementor-widget elementor-widget-text-editor\" data-id=\"41e38ae\" data-element_type=\"widget\" data-widget_type=\"text-editor.default\">\n\t\t\t\t<div class=\"elementor-widget-container\">\n\t\t\t\t\t\t\t<ul class=\"arrow-rouge\"><li><a href=\"https:\/\/clients-conceptsk8.com\/cfqlmc-dev\/wp-content\/uploads\/2024\/05\/rapport-activites-2017-2018.pdf\" target=\"_blank\" rel=\"noopener\">Assembl\u00e9e d\u2019information du 7 septembre 2018 : Rapport d&#8217;activit\u00e9s 2017-2018<\/a><\/li><li><p><a href=\"https:\/\/clients-conceptsk8.com\/cfqlmc-dev\/wp-content\/uploads\/2024\/05\/rapport-activites-2016-2017.pdf\" target=\"_blank\" rel=\"noopener\">Assembl\u00e9e d\u2019information du 2 juin 2017 : Rapport d&#8217;activit\u00e9s 2016-2017<\/a><\/p><\/li><li><p><a href=\"https:\/\/clients-conceptsk8.com\/cfqlmc-dev\/wp-content\/uploads\/2024\/05\/rapport-activites-2015-2016.pdf\" target=\"_blank\" rel=\"noopener\">Assembl\u00e9e d\u2019information du 10 juin 2016<\/a><\/p><\/li><li><p><a href=\"https:\/\/clients-conceptsk8.com\/cfqlmc-dev\/wp-content\/uploads\/2024\/05\/ag_avril_2015_cr.pdf\" target=\"_blank\" rel=\"noopener\">Assembl\u00e9e d\u2019information du 21 avril 2015<\/a><\/p><\/li><li><p><a href=\"https:\/\/clients-conceptsk8.com\/cfqlmc-dev\/wp-content\/uploads\/2024\/05\/ag_avril_2014_cr-1.pdf\" target=\"_blank\" rel=\"noopener\">Assembl\u00e9e d\u2019information du 17 avril 2014<\/a><\/p><\/li><li><p><a href=\"https:\/\/clients-conceptsk8.com\/cfqlmc-dev\/wp-content\/uploads\/2024\/05\/ag_sep_2013_cr.pdf\" target=\"_blank\" rel=\"noopener\">Assembl\u00e9e d\u2019information du 27 septembre 2013<\/a><\/p><\/li><li><p><a href=\"https:\/\/clients-conceptsk8.com\/cfqlmc-dev\/wp-content\/uploads\/2024\/05\/ag_fev_2013_cr2.pdf\" target=\"_blank\" rel=\"noopener\">Assembl\u00e9e d\u2019information du 8 f\u00e9vrier 2013<\/a><\/p><\/li><li><p><a href=\"https:\/\/clients-conceptsk8.com\/cfqlmc-dev\/wp-content\/uploads\/2024\/05\/compterendu4juin2012.pdf\" target=\"_blank\" rel=\"noopener\">Assembl\u00e9e d\u2019information du 4 juin 2012<\/a><\/p><\/li><li><p><a href=\"https:\/\/clients-conceptsk8.com\/cfqlmc-dev\/wp-content\/uploads\/2024\/05\/compterendu12sept11.pdf\" target=\"_blank\" rel=\"noopener\">Assembl\u00e9e d\u2019information du 12 septembre 2011<\/a><\/p><\/li><li><p><a href=\"https:\/\/clients-conceptsk8.com\/cfqlmc-dev\/wp-content\/uploads\/2024\/05\/compte_rendu_ag_mai_2010.pdf\" target=\"_blank\" rel=\"noopener\">Assembl\u00e9e d\u2019information du 26 mai 2010<\/a><\/p><\/li><li><p><a href=\"https:\/\/clients-conceptsk8.com\/cfqlmc-dev\/wp-content\/uploads\/2024\/05\/ag-oct2010-cr.doc\" target=\"_blank\" rel=\"noopener\">Assembl\u00e9e d\u2019information du 27 octobre 2010<\/a><\/p><\/li><li><p><a href=\"https:\/\/clients-conceptsk8.com\/cfqlmc-dev\/wp-content\/uploads\/2024\/05\/ag_juin_2008_cr.pdf\" target=\"_blank\" rel=\"noopener\">Assembl\u00e9e d\u2019information du 6 juin 2008<\/a><\/p><\/li><li><p>Assembl\u00e9e d\u2019information du 22 octobre 2007<\/p><\/li><li><p><a href=\"https:\/\/clients-conceptsk8.com\/cfqlmc-dev\/wp-content\/uploads\/2024\/05\/assemble_quebec.pdf\" target=\"_blank\" rel=\"noopener\">Assembl\u00e9e d\u2019information du 5 juin 2007<\/a><\/p><\/li><li><p><a href=\"https:\/\/clients-conceptsk8.com\/cfqlmc-dev\/wp-content\/uploads\/2024\/05\/compterendu11sept06.pdf\" target=\"_blank\" rel=\"noopener\">Assembl\u00e9e d\u2019information du septembre 2006<\/a><\/p><p>\u00a0<\/p><\/li><\/ul>\t\t\t\t\t\t<\/div>\n\t\t\t\t<\/div>\n\t\t\t\t\t<\/div>\n\t\t\t\t<\/div>\n\t\t\t\t<\/div>\n\t\t","protected":false},"excerpt":{"rendered":"<p>Page (post) title HomePage (post) title La Commission tient \u00e0 chaque ann\u00e9e une assembl\u00e9e d\u2019information avec ses membres associ\u00e9s et ses partenaires. Assembl\u00e9e d\u2019information du 7 septembre 2018 : Rapport d&#8217;activit\u00e9s 2017-2018 Assembl\u00e9e d\u2019information du&hellip;<\/p>\n","protected":false},"author":1,"featured_media":0,"parent":4707,"menu_order":0,"comment_status":"closed","ping_status":"closed","template":"","meta":{"footnotes":""},"class_list":["post-5006","page","type-page","status-publish","hentry"],"_links":{"self":[{"href":"https:\/\/clients-conceptsk8.com\/cfqlmc-dev\/wp-json\/wp\/v2\/pages\/5006","targetHints":{"allow":["GET"]}}],"collection":[{"href":"https:\/\/clients-conceptsk8.com\/cfqlmc-dev\/wp-json\/wp\/v2\/pages"}],"about":[{"href":"https:\/\/clients-conceptsk8.com\/cfqlmc-dev\/wp-json\/wp\/v2\/types\/page"}],"author":[{"embeddable":true,"href":"https:\/\/clients-conceptsk8.com\/cfqlmc-dev\/wp-json\/wp\/v2\/users\/1"}],"replies":[{"embeddable":true,"href":"https:\/\/clients-conceptsk8.com\/cfqlmc-dev\/wp-json\/wp\/v2\/comments?post=5006"}],"version-history":[{"count":37,"href":"https:\/\/clients-conceptsk8.com\/cfqlmc-dev\/wp-json\/wp\/v2\/pages\/5006\/revisions"}],"predecessor-version":[{"id":9476,"href":"https:\/\/clients-conceptsk8.com\/cfqlmc-dev\/wp-json\/wp\/v2\/pages\/5006\/revisions\/9476"}],"up":[{"embeddable":true,"href":"https:\/\/clients-conceptsk8.com\/cfqlmc-dev\/wp-json\/wp\/v2\/pages\/4707"}],"wp:attachment":[{"href":"https:\/\/clients-conceptsk8.com\/cfqlmc-dev\/wp-json\/wp\/v2\/media?parent=5006"}],"curies":[{"name":"wp","href":"https:\/\/api.w.org\/{rel}","templated":true}]}}