{"id":5023,"date":"2024-04-30T14:44:49","date_gmt":"2024-04-30T18:44:49","guid":{"rendered":"https:\/\/clients-conceptsk8.com\/cfqlmc-dev\/?page_id=5023"},"modified":"2024-08-22T15:56:26","modified_gmt":"2024-08-22T19:56:26","slug":"lieux-de-memoire","status":"publish","type":"page","link":"https:\/\/clients-conceptsk8.com\/cfqlmc-dev\/commemorations\/lieux-de-memoire\/","title":{"rendered":"Lieux de m\u00e9moire"},"content":{"rendered":"\t\t<div data-elementor-type=\"wp-page\" data-elementor-id=\"5023\" class=\"elementor elementor-5023\" data-elementor-post-type=\"page\">\n\t\t\t\t<div class=\"elementor-element elementor-element-06f65e6 e-flex e-con-boxed sc_inner_width_none sc_layouts_column_icons_position_left e-con e-parent\" data-id=\"06f65e6\" data-element_type=\"container\">\n\t\t\t\t\t<div class=\"e-con-inner\">\n\t\t\t\t<div class=\"elementor-element elementor-element-ed2429a sc_fly_static elementor-widget elementor-widget-trx_sc_layouts_title\" data-id=\"ed2429a\" data-element_type=\"widget\" data-widget_type=\"trx_sc_layouts_title.default\">\n\t\t\t\t<div class=\"elementor-widget-container\">\n\t\t\t<div class=\"sc_layouts_title sc_align_center with_content without_image without_tint\"><div class=\"sc_layouts_title_content\"><div class=\"sc_layouts_title_title\"><h1 class=\"sc_layouts_title_caption\">Lieux de m\u00e9moire<\/h1><\/div><div class=\"sc_layouts_title_breadcrumbs\"><div class=\"breadcrumbs\"><a class=\"breadcrumbs_item home\" href=\"https:\/\/clients-conceptsk8.com\/cfqlmc-dev\/\">Accueil<\/a><span class=\"breadcrumbs_delimiter\"><\/span><span class=\"breadcrumbs_item current\">Lieux de m\u00e9moire<\/span><\/div><\/div><\/div><\/div>\t\t<\/div>\n\t\t\t\t<\/div>\n\t\t\t\t\t<\/div>\n\t\t\t\t<\/div>\n\t\t<div class=\"elementor-element elementor-element-262b67e mainbox e-flex e-con-boxed sc_inner_width_none sc_layouts_column_icons_position_left e-con e-parent\" data-id=\"262b67e\" data-element_type=\"container\">\n\t\t\t\t\t<div class=\"e-con-inner\">\n\t\t<div class=\"elementor-element elementor-element-a9f55f4 e-con-full e-flex sc_inner_width_none sc_layouts_column_icons_position_left e-con e-child\" data-id=\"a9f55f4\" data-element_type=\"container\">\n\t\t\t\t<div class=\"elementor-element elementor-element-d8ae337 elementor-widget-tablet__width-initial elementor-widget__width-initial sc_fly_static elementor-widget elementor-widget-text-editor\" data-id=\"d8ae337\" data-element_type=\"widget\" data-widget_type=\"text-editor.default\">\n\t\t\t\t<div class=\"elementor-widget-container\">\n\t\t\t<style>\/*! elementor - v3.23.0 - 05-08-2024 *\/\n.elementor-widget-text-editor.elementor-drop-cap-view-stacked .elementor-drop-cap{background-color:#69727d;color:#fff}.elementor-widget-text-editor.elementor-drop-cap-view-framed .elementor-drop-cap{color:#69727d;border:3px solid;background-color:transparent}.elementor-widget-text-editor:not(.elementor-drop-cap-view-default) .elementor-drop-cap{margin-top:8px}.elementor-widget-text-editor:not(.elementor-drop-cap-view-default) .elementor-drop-cap-letter{width:1em;height:1em}.elementor-widget-text-editor .elementor-drop-cap{float:left;text-align:center;line-height:1;font-size:50px}.elementor-widget-text-editor .elementor-drop-cap-letter{display:inline-block}<\/style>\t\t\t\t<p>La notion de lieu de m\u00e9moire signifie, pour la Commission, l\u2019ensemble des rep\u00e8res culturels, lieux, pratiques et expressions issus d\u2019un pass\u00e9 commun. Ces rep\u00e8res peuvent \u00eatre concrets et tangibles, comme des objets ou monuments, mais ils peuvent aussi \u00eatre immat\u00e9riels, comme l&#8217;Histoire, la langue, ou les traditions.<\/p><p>Les lieux de m\u00e9moire sont non seulement des objets de connaissance, mais doivent \u00e9galement se r\u00e9v\u00e9ler des sources d\u2019\u00e9motion.<\/p><p>Les traces du pass\u00e9 prennent un sens nouveau lorsqu\u2019elles deviennent M\u00e9moire en prenant appui sur des supports vivants et contemporains. La M\u00e9moire prend vie quand elle rejoint le citoyen.<\/p>\t\t\t\t\t\t<\/div>\n\t\t\t\t<\/div>\n\t\t\t\t<div class=\"elementor-element elementor-element-bc99bb8 elementor-widget__width-initial sc_fly_static elementor-widget elementor-widget-image\" data-id=\"bc99bb8\" data-element_type=\"widget\" data-widget_type=\"image.default\">\n\t\t\t\t<div class=\"elementor-widget-container\">\n\t\t\t<style>\/*! elementor - v3.23.0 - 05-08-2024 *\/\n.elementor-widget-image{text-align:center}.elementor-widget-image a{display:inline-block}.elementor-widget-image a img[src$=\".svg\"]{width:48px}.elementor-widget-image img{vertical-align:middle;display:inline-block}<\/style>\t\t\t\t\t\t\t\t\t\t<img fetchpriority=\"high\" decoding=\"async\" width=\"600\" height=\"400\" src=\"https:\/\/clients-conceptsk8.com\/cfqlmc-dev\/wp-content\/uploads\/2024\/08\/lieux-de-memoire.jpg\" class=\"attachment-large size-large wp-image-8484\" alt=\"\" srcset=\"https:\/\/clients-conceptsk8.com\/cfqlmc-dev\/wp-content\/uploads\/2024\/08\/lieux-de-memoire.jpg 600w, https:\/\/clients-conceptsk8.com\/cfqlmc-dev\/wp-content\/uploads\/2024\/08\/lieux-de-memoire-300x200.jpg 300w, https:\/\/clients-conceptsk8.com\/cfqlmc-dev\/wp-content\/uploads\/2024\/08\/lieux-de-memoire-370x247.jpg 370w, https:\/\/clients-conceptsk8.com\/cfqlmc-dev\/wp-content\/uploads\/2024\/08\/lieux-de-memoire-406x271.jpg 406w\" sizes=\"(max-width: 600px) 100vw, 600px\" \/>\t\t\t\t\t\t\t\t\t\t\t\t\t<\/div>\n\t\t\t\t<\/div>\n\t\t\t\t<\/div>\n\t\t\t\t<div class=\"elementor-element elementor-element-ec143af sc_fly_static elementor-widget elementor-widget-text-editor\" data-id=\"ec143af\" data-element_type=\"widget\" data-widget_type=\"text-editor.default\">\n\t\t\t\t<div class=\"elementor-widget-container\">\n\t\t\t\t\t\t\t<p>Selon l&#8217;historien Pierre Nora :<\/p><p>\u00ab\u00a0<em>Les lieux de m\u00e9moire, ce sont d\u2019abord des restes. La forme extr\u00eame o\u00f9 subsiste une conscience comm\u00e9morative dans une histoire qui l\u2019appelle, parce qu\u2019elle l\u2019ignore. (\u2026) Mus\u00e9es, archives, cimeti\u00e8res et collections, f\u00eates, anniversaires, trait\u00e9s, proc\u00e8s-verbaux, monuments, sanctuaires, associations, ce sont les buttes t\u00e9moins d\u2019un autre \u00e2ge, des illusions d\u2019\u00e9ternit\u00e9. (\u2026)<\/em>\u00bb<\/p><p>Il dit aussi \u00ab\u00a0<em>un lieu de m\u00e9moire dans tous les sens du mot va de l&#8217;objet le plus mat\u00e9riel et concret, \u00e9ventuellement g\u00e9ographiquement situ\u00e9, \u00e0 l&#8217;objet le plus abstrait et intellectuellement construit<\/em>\u00a0\u00bb. Il peut donc s&#8217;agir d&#8217;un monument, d&#8217;un personnage important, d&#8217;un mus\u00e9e, des archives, tout autant que d&#8217;un symbole, d&#8217;une devise, d&#8217;un \u00e9v\u00e9nement ou d&#8217;une institution.<\/p><p>Pierre Nora, et al.. <em>Les lieux de m\u00e9moire,<\/em> vol. 1, Paris, Quarto-Gallimard, 1997.<\/p>\t\t\t\t\t\t<\/div>\n\t\t\t\t<\/div>\n\t\t\t\t<div class=\"elementor-element elementor-element-aed00ab sc_fly_static elementor-widget elementor-widget-spacer\" data-id=\"aed00ab\" data-element_type=\"widget\" data-widget_type=\"spacer.default\">\n\t\t\t\t<div class=\"elementor-widget-container\">\n\t\t\t<style>\/*! elementor - v3.23.0 - 05-08-2024 *\/\n.elementor-column .elementor-spacer-inner{height:var(--spacer-size)}.e-con{--container-widget-width:100%}.e-con-inner>.elementor-widget-spacer,.e-con>.elementor-widget-spacer{width:var(--container-widget-width,var(--spacer-size));--align-self:var(--container-widget-align-self,initial);--flex-shrink:0}.e-con-inner>.elementor-widget-spacer>.elementor-widget-container,.e-con>.elementor-widget-spacer>.elementor-widget-container{height:100%;width:100%}.e-con-inner>.elementor-widget-spacer>.elementor-widget-container>.elementor-spacer,.e-con>.elementor-widget-spacer>.elementor-widget-container>.elementor-spacer{height:100%}.e-con-inner>.elementor-widget-spacer>.elementor-widget-container>.elementor-spacer>.elementor-spacer-inner,.e-con>.elementor-widget-spacer>.elementor-widget-container>.elementor-spacer>.elementor-spacer-inner{height:var(--container-widget-height,var(--spacer-size))}.e-con-inner>.elementor-widget-spacer.elementor-widget-empty,.e-con>.elementor-widget-spacer.elementor-widget-empty{position:relative;min-height:22px;min-width:22px}.e-con-inner>.elementor-widget-spacer.elementor-widget-empty .elementor-widget-empty-icon,.e-con>.elementor-widget-spacer.elementor-widget-empty .elementor-widget-empty-icon{position:absolute;top:0;bottom:0;left:0;right:0;margin:auto;padding:0;width:22px;height:22px}<\/style>\t\t<div class=\"elementor-spacer\">\n\t\t\t<div class=\"elementor-spacer-inner\"><\/div>\n\t\t<\/div>\n\t\t\t\t<\/div>\n\t\t\t\t<\/div>\n\t\t\t\t<div class=\"elementor-element elementor-element-cb4df9e sc_fly_static elementor-widget elementor-widget-heading\" data-id=\"cb4df9e\" data-element_type=\"widget\" data-widget_type=\"heading.default\">\n\t\t\t\t<div class=\"elementor-widget-container\">\n\t\t\t<style>\/*! elementor - v3.23.0 - 05-08-2024 *\/\n.elementor-heading-title{padding:0;margin:0;line-height:1}.elementor-widget-heading .elementor-heading-title[class*=elementor-size-]>a{color:inherit;font-size:inherit;line-height:inherit}.elementor-widget-heading .elementor-heading-title.elementor-size-small{font-size:15px}.elementor-widget-heading .elementor-heading-title.elementor-size-medium{font-size:19px}.elementor-widget-heading .elementor-heading-title.elementor-size-large{font-size:29px}.elementor-widget-heading .elementor-heading-title.elementor-size-xl{font-size:39px}.elementor-widget-heading .elementor-heading-title.elementor-size-xxl{font-size:59px}<\/style><h3 class=\"elementor-heading-title elementor-size-default\">Pour en savoir plus sur les lieux de m\u00e9moire :<\/h3>\t\t<\/div>\n\t\t\t\t<\/div>\n\t\t\t\t<div class=\"elementor-element elementor-element-49f447d elementor-icon-list--layout-traditional elementor-list-item-link-full_width sc_fly_static elementor-widget elementor-widget-icon-list\" data-id=\"49f447d\" data-element_type=\"widget\" data-widget_type=\"icon-list.default\">\n\t\t\t\t<div class=\"elementor-widget-container\">\n\t\t\t<link rel=\"stylesheet\" href=\"https:\/\/clients-conceptsk8.com\/cfqlmc-dev\/wp-content\/plugins\/elementor\/assets\/css\/widget-icon-list.min.css\">\t\t<ul class=\"elementor-icon-list-items\">\n\t\t\t\t\t\t\t<li class=\"elementor-icon-list-item\">\n\t\t\t\t\t\t\t\t\t\t\t<a href=\"http:\/\/www.ameriquefrancaise.org\/\" target=\"_blank\">\n\n\t\t\t\t\t\t\t\t\t\t\t\t<span class=\"elementor-icon-list-icon\">\n\t\t\t\t\t\t\t<svg aria-hidden=\"true\" class=\"e-font-icon-svg e-fas-angle-right\" viewBox=\"0 0 256 512\" xmlns=\"http:\/\/www.w3.org\/2000\/svg\"><path d=\"M224.3 273l-136 136c-9.4 9.4-24.6 9.4-33.9 0l-22.6-22.6c-9.4-9.4-9.4-24.6 0-33.9l96.4-96.4-96.4-96.4c-9.4-9.4-9.4-24.6 0-33.9L54.3 103c9.4-9.4 24.6-9.4 33.9 0l136 136c9.5 9.4 9.5 24.6.1 34z\"><\/path><\/svg>\t\t\t\t\t\t<\/span>\n\t\t\t\t\t\t\t\t\t\t<span class=\"elementor-icon-list-text\">L\u2019Encyclop\u00e9die du patrimoine culturel de l\u2019Am\u00e9rique fran\u00e7aise<\/span>\n\t\t\t\t\t\t\t\t\t\t\t<\/a>\n\t\t\t\t\t\t\t\t\t<\/li>\n\t\t\t\t\t\t\t\t<li class=\"elementor-icon-list-item\">\n\t\t\t\t\t\t\t\t\t\t\t<a href=\"https:\/\/clients-conceptsk8.com\/cfqlmc-dev\/chemins-de-la-memoire\/\" target=\"_blank\">\n\n\t\t\t\t\t\t\t\t\t\t\t\t<span class=\"elementor-icon-list-icon\">\n\t\t\t\t\t\t\t<svg aria-hidden=\"true\" class=\"e-font-icon-svg e-fas-angle-right\" viewBox=\"0 0 256 512\" xmlns=\"http:\/\/www.w3.org\/2000\/svg\"><path d=\"M224.3 273l-136 136c-9.4 9.4-24.6 9.4-33.9 0l-22.6-22.6c-9.4-9.4-9.4-24.6 0-33.9l96.4-96.4-96.4-96.4c-9.4-9.4-9.4-24.6 0-33.9L54.3 103c9.4-9.4 24.6-9.4 33.9 0l136 136c9.5 9.4 9.5 24.6.1 34z\"><\/path><\/svg>\t\t\t\t\t\t<\/span>\n\t\t\t\t\t\t\t\t\t\t<span class=\"elementor-icon-list-text\">Ces villes et villages de France, berceau de l\u2019Am\u00e9rique fran\u00e7aise<\/span>\n\t\t\t\t\t\t\t\t\t\t\t<\/a>\n\t\t\t\t\t\t\t\t\t<\/li>\n\t\t\t\t\t\t\t\t<li class=\"elementor-icon-list-item\">\n\t\t\t\t\t\t\t\t\t\t\t<a href=\"https:\/\/clients-conceptsk8.com\/cfqlmc-dev\/chemins-de-la-memoire\/#chemins\">\n\n\t\t\t\t\t\t\t\t\t\t\t\t<span class=\"elementor-icon-list-icon\">\n\t\t\t\t\t\t\t<svg aria-hidden=\"true\" class=\"e-font-icon-svg e-fas-angle-right\" viewBox=\"0 0 256 512\" xmlns=\"http:\/\/www.w3.org\/2000\/svg\"><path d=\"M224.3 273l-136 136c-9.4 9.4-24.6 9.4-33.9 0l-22.6-22.6c-9.4-9.4-9.4-24.6 0-33.9l96.4-96.4-96.4-96.4c-9.4-9.4-9.4-24.6 0-33.9L54.3 103c9.4-9.4 24.6-9.4 33.9 0l136 136c9.5 9.4 9.5 24.6.1 34z\"><\/path><\/svg>\t\t\t\t\t\t<\/span>\n\t\t\t\t\t\t\t\t\t\t<span class=\"elementor-icon-list-text\">Chemins de la M\u00e9moire<\/span>\n\t\t\t\t\t\t\t\t\t\t\t<\/a>\n\t\t\t\t\t\t\t\t\t<\/li>\n\t\t\t\t\t\t\t\t<li class=\"elementor-icon-list-item\">\n\t\t\t\t\t\t\t\t\t\t\t<a href=\"http:\/\/www.fichierorigine.com\/\" target=\"_blank\">\n\n\t\t\t\t\t\t\t\t\t\t\t\t<span class=\"elementor-icon-list-icon\">\n\t\t\t\t\t\t\t<svg aria-hidden=\"true\" class=\"e-font-icon-svg e-fas-angle-right\" viewBox=\"0 0 256 512\" xmlns=\"http:\/\/www.w3.org\/2000\/svg\"><path d=\"M224.3 273l-136 136c-9.4 9.4-24.6 9.4-33.9 0l-22.6-22.6c-9.4-9.4-9.4-24.6 0-33.9l96.4-96.4-96.4-96.4c-9.4-9.4-9.4-24.6 0-33.9L54.3 103c9.4-9.4 24.6-9.4 33.9 0l136 136c9.5 9.4 9.5 24.6.1 34z\"><\/path><\/svg>\t\t\t\t\t\t<\/span>\n\t\t\t\t\t\t\t\t\t\t<span class=\"elementor-icon-list-text\">Le Fichier Origine<\/span>\n\t\t\t\t\t\t\t\t\t\t\t<\/a>\n\t\t\t\t\t\t\t\t\t<\/li>\n\t\t\t\t\t\t\t\t<li class=\"elementor-icon-list-item\">\n\t\t\t\t\t\t\t\t\t\t\t<a href=\"https:\/\/fr.wikipedia.org\/wiki\/Lieu_de_m\u00e9moire\" target=\"_blank\">\n\n\t\t\t\t\t\t\t\t\t\t\t\t<span class=\"elementor-icon-list-icon\">\n\t\t\t\t\t\t\t<svg aria-hidden=\"true\" class=\"e-font-icon-svg e-fas-angle-right\" viewBox=\"0 0 256 512\" xmlns=\"http:\/\/www.w3.org\/2000\/svg\"><path d=\"M224.3 273l-136 136c-9.4 9.4-24.6 9.4-33.9 0l-22.6-22.6c-9.4-9.4-9.4-24.6 0-33.9l96.4-96.4-96.4-96.4c-9.4-9.4-9.4-24.6 0-33.9L54.3 103c9.4-9.4 24.6-9.4 33.9 0l136 136c9.5 9.4 9.5 24.6.1 34z\"><\/path><\/svg>\t\t\t\t\t\t<\/span>\n\t\t\t\t\t\t\t\t\t\t<span class=\"elementor-icon-list-text\">Wikip\u00e9dia<\/span>\n\t\t\t\t\t\t\t\t\t\t\t<\/a>\n\t\t\t\t\t\t\t\t\t<\/li>\n\t\t\t\t\t\t<\/ul>\n\t\t\t\t<\/div>\n\t\t\t\t<\/div>\n\t\t\t\t\t<\/div>\n\t\t\t\t<\/div>\n\t\t\t\t<\/div>\n\t\t","protected":false},"excerpt":{"rendered":"<p>Page (post) title HomePage (post) title La notion de lieu de m\u00e9moire signifie, pour la Commission, l\u2019ensemble des rep\u00e8res culturels, lieux, pratiques et expressions issus d\u2019un pass\u00e9 commun. Ces rep\u00e8res peuvent \u00eatre concrets et tangibles,&hellip;<\/p>\n","protected":false},"author":1,"featured_media":0,"parent":5017,"menu_order":0,"comment_status":"closed","ping_status":"closed","template":"","meta":{"footnotes":""},"class_list":["post-5023","page","type-page","status-publish","hentry"],"_links":{"self":[{"href":"https:\/\/clients-conceptsk8.com\/cfqlmc-dev\/wp-json\/wp\/v2\/pages\/5023","targetHints":{"allow":["GET"]}}],"collection":[{"href":"https:\/\/clients-conceptsk8.com\/cfqlmc-dev\/wp-json\/wp\/v2\/pages"}],"about":[{"href":"https:\/\/clients-conceptsk8.com\/cfqlmc-dev\/wp-json\/wp\/v2\/types\/page"}],"author":[{"embeddable":true,"href":"https:\/\/clients-conceptsk8.com\/cfqlmc-dev\/wp-json\/wp\/v2\/users\/1"}],"replies":[{"embeddable":true,"href":"https:\/\/clients-conceptsk8.com\/cfqlmc-dev\/wp-json\/wp\/v2\/comments?post=5023"}],"version-history":[{"count":37,"href":"https:\/\/clients-conceptsk8.com\/cfqlmc-dev\/wp-json\/wp\/v2\/pages\/5023\/revisions"}],"predecessor-version":[{"id":9497,"href":"https:\/\/clients-conceptsk8.com\/cfqlmc-dev\/wp-json\/wp\/v2\/pages\/5023\/revisions\/9497"}],"up":[{"embeddable":true,"href":"https:\/\/clients-conceptsk8.com\/cfqlmc-dev\/wp-json\/wp\/v2\/pages\/5017"}],"wp:attachment":[{"href":"https:\/\/clients-conceptsk8.com\/cfqlmc-dev\/wp-json\/wp\/v2\/media?parent=5023"}],"curies":[{"name":"wp","href":"https:\/\/api.w.org\/{rel}","templated":true}]}}