{"id":5025,"date":"2024-04-30T14:45:03","date_gmt":"2024-04-30T18:45:03","guid":{"rendered":"https:\/\/clients-conceptsk8.com\/cfqlmc-dev\/?page_id=5025"},"modified":"2024-08-22T16:22:31","modified_gmt":"2024-08-22T20:22:31","slug":"circuits-memoriels","status":"publish","type":"page","link":"https:\/\/clients-conceptsk8.com\/cfqlmc-dev\/commemorations\/circuits-memoriels\/","title":{"rendered":"Circuits m\u00e9moriels"},"content":{"rendered":"\t\t<div data-elementor-type=\"wp-page\" data-elementor-id=\"5025\" class=\"elementor elementor-5025\" data-elementor-post-type=\"page\">\n\t\t\t\t<div class=\"elementor-element elementor-element-06f65e6 e-flex e-con-boxed sc_inner_width_none sc_layouts_column_icons_position_left e-con e-parent\" data-id=\"06f65e6\" data-element_type=\"container\">\n\t\t\t\t\t<div class=\"e-con-inner\">\n\t\t\t\t<div class=\"elementor-element elementor-element-ed2429a sc_fly_static elementor-widget elementor-widget-trx_sc_layouts_title\" data-id=\"ed2429a\" data-element_type=\"widget\" data-widget_type=\"trx_sc_layouts_title.default\">\n\t\t\t\t<div class=\"elementor-widget-container\">\n\t\t\t<div class=\"sc_layouts_title sc_align_center with_content without_image without_tint\"><div class=\"sc_layouts_title_content\"><div class=\"sc_layouts_title_title\"><h1 class=\"sc_layouts_title_caption\">Circuits m\u00e9moriels<\/h1><\/div><div class=\"sc_layouts_title_breadcrumbs\"><div class=\"breadcrumbs\"><a class=\"breadcrumbs_item home\" href=\"https:\/\/clients-conceptsk8.com\/cfqlmc-dev\/\">Accueil<\/a><span class=\"breadcrumbs_delimiter\"><\/span><span class=\"breadcrumbs_item current\">Circuits m\u00e9moriels<\/span><\/div><\/div><\/div><\/div>\t\t<\/div>\n\t\t\t\t<\/div>\n\t\t\t\t\t<\/div>\n\t\t\t\t<\/div>\n\t\t<div class=\"e-con-gap-no elementor-element elementor-element-262b67e mainbox e-flex e-con-boxed sc_inner_width_none sc_layouts_column_icons_position_left e-con e-parent\" data-id=\"262b67e\" data-element_type=\"container\">\n\t\t\t\t\t<div class=\"e-con-inner\">\n\t\t<div class=\"elementor-element elementor-element-3626dd3 e-con-full e-flex sc_inner_width_none sc_layouts_column_icons_position_left e-con e-child\" data-id=\"3626dd3\" data-element_type=\"container\">\n\t\t<div class=\"elementor-element elementor-element-fd2ec5e e-con-full e-flex sc_inner_width_none sc_layouts_column_icons_position_left e-con e-child\" data-id=\"fd2ec5e\" data-element_type=\"container\">\n\t\t\t\t<div class=\"elementor-element elementor-element-2728b62 sc_fly_static elementor-widget elementor-widget-heading\" data-id=\"2728b62\" data-element_type=\"widget\" data-widget_type=\"heading.default\">\n\t\t\t\t<div class=\"elementor-widget-container\">\n\t\t\t<style>\/*! elementor - v3.23.0 - 05-08-2024 *\/\n.elementor-heading-title{padding:0;margin:0;line-height:1}.elementor-widget-heading .elementor-heading-title[class*=elementor-size-]>a{color:inherit;font-size:inherit;line-height:inherit}.elementor-widget-heading .elementor-heading-title.elementor-size-small{font-size:15px}.elementor-widget-heading .elementor-heading-title.elementor-size-medium{font-size:19px}.elementor-widget-heading .elementor-heading-title.elementor-size-large{font-size:29px}.elementor-widget-heading .elementor-heading-title.elementor-size-xl{font-size:39px}.elementor-widget-heading .elementor-heading-title.elementor-size-xxl{font-size:59px}<\/style><h2 class=\"elementor-heading-title elementor-size-default\">Qu\u00e9bec<\/h2>\t\t<\/div>\n\t\t\t\t<\/div>\n\t\t\t\t<div class=\"elementor-element elementor-element-7fbb3c3 sc_fly_static elementor-widget elementor-widget-heading\" data-id=\"7fbb3c3\" data-element_type=\"widget\" data-widget_type=\"heading.default\">\n\t\t\t\t<div class=\"elementor-widget-container\">\n\t\t\t<h3 class=\"elementor-heading-title elementor-size-default\">Parcours m\u00e9moriel<\/h3>\t\t<\/div>\n\t\t\t\t<\/div>\n\t\t\t\t<div class=\"elementor-element elementor-element-43f65cd sc_fly_static elementor-widget elementor-widget-text-editor\" data-id=\"43f65cd\" data-element_type=\"widget\" data-widget_type=\"text-editor.default\">\n\t\t\t\t<div class=\"elementor-widget-container\">\n\t\t\t<style>\/*! elementor - v3.23.0 - 05-08-2024 *\/\n.elementor-widget-text-editor.elementor-drop-cap-view-stacked .elementor-drop-cap{background-color:#69727d;color:#fff}.elementor-widget-text-editor.elementor-drop-cap-view-framed .elementor-drop-cap{color:#69727d;border:3px solid;background-color:transparent}.elementor-widget-text-editor:not(.elementor-drop-cap-view-default) .elementor-drop-cap{margin-top:8px}.elementor-widget-text-editor:not(.elementor-drop-cap-view-default) .elementor-drop-cap-letter{width:1em;height:1em}.elementor-widget-text-editor .elementor-drop-cap{float:left;text-align:center;line-height:1;font-size:50px}.elementor-widget-text-editor .elementor-drop-cap-letter{display:inline-block}<\/style>\t\t\t\t<ul class=\"arrow-rouge\"><li><a href=\"https:\/\/clients-conceptsk8.com\/cfqlmc-dev\/tourisme-culturel-itineraire-memoriel-trois-rivieres-a-neuville\/\" rel=\"noopener\">Trois-Rivi\u00e8res (Forges du Saint-Maurice) \u00e0 Neuville (couvent)<\/a><\/li><li><a href=\"https:\/\/clients-conceptsk8.com\/cfqlmc-dev\/wp-content\/uploads\/2024\/05\/pionniers-portneuf.pdf\" target=\"_blank\" rel=\"noopener\">Les pionniers originaires de l&#8217;ancienne France mari\u00e9s dans la MRC de Portneuf<\/a><\/li><\/ul>\t\t\t\t\t\t<\/div>\n\t\t\t\t<\/div>\n\t\t\t\t<\/div>\n\t\t<div class=\"elementor-element elementor-element-28e2ac0 e-con-full e-flex sc_inner_width_none sc_layouts_column_icons_position_left e-con e-child\" data-id=\"28e2ac0\" data-element_type=\"container\">\n\t\t\t\t<div class=\"elementor-element elementor-element-014a40e sc_fly_static elementor-widget elementor-widget-image\" data-id=\"014a40e\" data-element_type=\"widget\" data-widget_type=\"image.default\">\n\t\t\t\t<div class=\"elementor-widget-container\">\n\t\t\t<style>\/*! elementor - v3.23.0 - 05-08-2024 *\/\n.elementor-widget-image{text-align:center}.elementor-widget-image a{display:inline-block}.elementor-widget-image a img[src$=\".svg\"]{width:48px}.elementor-widget-image img{vertical-align:middle;display:inline-block}<\/style>\t\t\t\t\t\t\t\t\t\t<img fetchpriority=\"high\" decoding=\"async\" width=\"512\" height=\"384\" src=\"https:\/\/clients-conceptsk8.com\/cfqlmc-dev\/wp-content\/uploads\/2024\/08\/forges_du_saint-maurice.jpg\" class=\"attachment-full size-full wp-image-8601\" alt=\"\" srcset=\"https:\/\/clients-conceptsk8.com\/cfqlmc-dev\/wp-content\/uploads\/2024\/08\/forges_du_saint-maurice.jpg 512w, https:\/\/clients-conceptsk8.com\/cfqlmc-dev\/wp-content\/uploads\/2024\/08\/forges_du_saint-maurice-300x225.jpg 300w, https:\/\/clients-conceptsk8.com\/cfqlmc-dev\/wp-content\/uploads\/2024\/08\/forges_du_saint-maurice-370x278.jpg 370w, https:\/\/clients-conceptsk8.com\/cfqlmc-dev\/wp-content\/uploads\/2024\/08\/forges_du_saint-maurice-406x305.jpg 406w\" sizes=\"(max-width: 600px) 100vw, 512px\" \/>\t\t\t\t\t\t\t\t\t\t\t\t\t<\/div>\n\t\t\t\t<\/div>\n\t\t\t\t<div class=\"elementor-element elementor-element-54ca56c elementor-widget__width-initial sc_fly_static elementor-widget elementor-widget-text-editor\" data-id=\"54ca56c\" data-element_type=\"widget\" data-widget_type=\"text-editor.default\">\n\t\t\t\t<div class=\"elementor-widget-container\">\n\t\t\t\t\t\t\t<p>Titre : Grande Maison &#8211; Forges du Saint-Maurice | Auteur : Fralambert | Source : <a href=\"https:\/\/commons.wikimedia.org\/wiki\/File:Grande_Maison_-_Forges_du_Saint-Maurice.jpg\">Wikimedia Commons<\/a> | Licence : <a href=\"https:\/\/creativecommons.org\/licenses\/by-sa\/3.0\/deed.fr\">CC BY-SA 3.0<\/a><\/p>\t\t\t\t\t\t<\/div>\n\t\t\t\t<\/div>\n\t\t\t\t<\/div>\n\t\t\t\t<\/div>\n\t\t\t\t\t<\/div>\n\t\t\t\t<\/div>\n\t\t<div class=\"elementor-element elementor-element-9b56e2c mainbox e-flex e-con-boxed sc_inner_width_none sc_layouts_column_icons_position_left e-con e-parent\" data-id=\"9b56e2c\" data-element_type=\"container\">\n\t\t\t\t\t<div class=\"e-con-inner\">\n\t\t<div class=\"elementor-element elementor-element-97af559 e-con-full e-flex sc_inner_width_none sc_layouts_column_icons_position_left e-con e-child\" data-id=\"97af559\" data-element_type=\"container\">\n\t\t<div class=\"elementor-element elementor-element-8d2a753 e-con-full e-flex sc_inner_width_none sc_layouts_column_icons_position_left e-con e-child\" data-id=\"8d2a753\" data-element_type=\"container\">\n\t\t\t\t<div class=\"elementor-element elementor-element-5355efc sc_fly_static elementor-widget elementor-widget-heading\" data-id=\"5355efc\" data-element_type=\"widget\" data-widget_type=\"heading.default\">\n\t\t\t\t<div class=\"elementor-widget-container\">\n\t\t\t<h2 class=\"elementor-heading-title elementor-size-default\">France<\/h2>\t\t<\/div>\n\t\t\t\t<\/div>\n\t\t\t\t<div class=\"elementor-element elementor-element-15b2115 sc_fly_static elementor-widget elementor-widget-text-editor\" data-id=\"15b2115\" data-element_type=\"widget\" data-widget_type=\"text-editor.default\">\n\t\t\t\t<div class=\"elementor-widget-container\">\n\t\t\t\t\t\t\t<ul class=\"arrow-rouge\"><li><a href=\"https:\/\/clients-conceptsk8.com\/cfqlmc-dev\/une-nouvelle-rubrique-apparait-desormais-sur-le-site-de-la-cfqlmc-tourisme-des-lieux-de-memoire-franco-quebecois-ou-tourisme-des-ldm\/\" rel=\"noopener\">Introduction<\/a><\/li><\/ul>\t\t\t\t\t\t<\/div>\n\t\t\t\t<\/div>\n\t\t\t\t<div class=\"elementor-element elementor-element-b3485eb sc_fly_static elementor-widget elementor-widget-heading\" data-id=\"b3485eb\" data-element_type=\"widget\" data-widget_type=\"heading.default\">\n\t\t\t\t<div class=\"elementor-widget-container\">\n\t\t\t<h3 class=\"elementor-heading-title elementor-size-default\">Aquitaine \u2013 Midi-Pyr\u00e9n\u00e9es<\/h3>\t\t<\/div>\n\t\t\t\t<\/div>\n\t\t\t\t<div class=\"elementor-element elementor-element-2e8e677 sc_fly_static elementor-widget elementor-widget-text-editor\" data-id=\"2e8e677\" data-element_type=\"widget\" data-widget_type=\"text-editor.default\">\n\t\t\t\t<div class=\"elementor-widget-container\">\n\t\t\t\t\t\t\t<ul class=\"arrow-rouge\"><li><a href=\"https:\/\/clients-conceptsk8.com\/cfqlmc-dev\/wp-content\/uploads\/2024\/05\/otbordeaux-depliant-quebec.pdf\" target=\"_blank\" rel=\"noopener\">Bordeaux \u2013 Qu\u00e9bec \u2013 Lieux de m\u00e9moire sur les traces de la Nouvelle-France<\/a><br \/>Version d\u00e9pliant, publi\u00e9 avec l\u2019aimable autorisation de l\u2019Office du Tourisme de Bordeaux<\/li><\/ul>\t\t\t\t\t\t<\/div>\n\t\t\t\t<\/div>\n\t\t\t\t<\/div>\n\t\t<div class=\"elementor-element elementor-element-bdb1feb e-con-full e-flex sc_inner_width_none sc_layouts_column_icons_position_left e-con e-child\" data-id=\"bdb1feb\" data-element_type=\"container\">\n\t\t\t\t<div class=\"elementor-element elementor-element-3105aa5 sc_fly_static elementor-widget elementor-widget-image\" data-id=\"3105aa5\" data-element_type=\"widget\" data-widget_type=\"image.default\">\n\t\t\t\t<div class=\"elementor-widget-container\">\n\t\t\t\t\t\t\t\t\t\t\t\t\t<img decoding=\"async\" width=\"500\" height=\"375\" src=\"https:\/\/clients-conceptsk8.com\/cfqlmc-dev\/wp-content\/uploads\/2024\/08\/grand-theatre-bordeaux.jpg\" class=\"attachment-full size-full wp-image-8596\" alt=\"\" srcset=\"https:\/\/clients-conceptsk8.com\/cfqlmc-dev\/wp-content\/uploads\/2024\/08\/grand-theatre-bordeaux.jpg 500w, https:\/\/clients-conceptsk8.com\/cfqlmc-dev\/wp-content\/uploads\/2024\/08\/grand-theatre-bordeaux-300x225.jpg 300w, https:\/\/clients-conceptsk8.com\/cfqlmc-dev\/wp-content\/uploads\/2024\/08\/grand-theatre-bordeaux-370x278.jpg 370w, https:\/\/clients-conceptsk8.com\/cfqlmc-dev\/wp-content\/uploads\/2024\/08\/grand-theatre-bordeaux-406x305.jpg 406w\" sizes=\"(max-width: 600px) 100vw, 500px\" \/>\t\t\t\t\t\t\t\t\t\t\t\t\t<\/div>\n\t\t\t\t<\/div>\n\t\t\t\t<\/div>\n\t\t\t\t<\/div>\n\t\t\t\t<div class=\"elementor-element elementor-element-6f9ee6a elementor-widget-mobile__width-initial sc_fly_static elementor-widget elementor-widget-heading\" data-id=\"6f9ee6a\" data-element_type=\"widget\" data-widget_type=\"heading.default\">\n\t\t\t\t<div class=\"elementor-widget-container\">\n\t\t\t<h3 class=\"elementor-heading-title elementor-size-default\">Le Poitou-Charentes et le Qu\u00e9bec<\/h3>\t\t<\/div>\n\t\t\t\t<\/div>\n\t\t\t\t<div class=\"elementor-element elementor-element-dd5e61b sc_fly_static elementor-widget elementor-widget-text-editor\" data-id=\"dd5e61b\" data-element_type=\"widget\" data-widget_type=\"text-editor.default\">\n\t\t\t\t<div class=\"elementor-widget-container\">\n\t\t\t\t\t\t\t<ul class=\"arrow-rouge\"><li><a href=\"https:\/\/clients-conceptsk8.com\/cfqlmc-dev\/les-villes-et-lieux-de-memoire-angouleme\/\" rel=\"noopener\">Villes et lieux de m\u00e9moire<\/a> &#8211; <a href=\"https:\/\/clients-conceptsk8.com\/cfqlmc-dev\/les-villes-et-lieux-de-memoire-angouleme\/\">Nouveaut\u00e9 La Rochelle<\/a><\/li><li><a href=\"https:\/\/clients-conceptsk8.com\/cfqlmc-dev\/quelques-villes-et-villages-du-poitou-charentes-dou-sont-partis-des-pionniers-de-la-nouvelle-france\/\" rel=\"noopener\">Quelques villes et villages du Poitou-Charentes d&#8217;o\u00f9 sont partis des pionniers de la Nouvelle-France<\/a><\/li><li><a href=\"https:\/\/clients-conceptsk8.com\/cfqlmc-dev\/personnages-majeurs-de-la-nouvelle-france-originaires-de-poitou-charentes\/\" rel=\"noopener\">Personnages majeurs de la Nouvelle-France originaires de Poitou-Charentes<\/a><\/li><li><a href=\"https:\/\/clients-conceptsk8.com\/cfqlmc-dev\/musees-partenaires-de-poitou-charentes\/\" rel=\"noopener\">Les mus\u00e9es partenaires de Poitou-Charentes<\/a><\/li><li><a href=\"https:\/\/clients-conceptsk8.com\/cfqlmc-dev\/references-bibliographiques-et-numeriques\/\" rel=\"noopener\">R\u00e9f\u00e9rences bibliographiques et num\u00e9riques<\/a><\/li><li><a href=\"https:\/\/clients-conceptsk8.com\/cfqlmc-dev\/partenaires-poitou-charentes\/\" rel=\"noopener\">Circuit r\u00e9alis\u00e9 du 17 septembre au 6 octobre 2015<\/a><\/li><\/ul>\t\t\t\t\t\t<\/div>\n\t\t\t\t<\/div>\n\t\t\t\t<div class=\"elementor-element elementor-element-e426f91 sc_fly_static elementor-widget elementor-widget-heading\" data-id=\"e426f91\" data-element_type=\"widget\" data-widget_type=\"heading.default\">\n\t\t\t\t<div class=\"elementor-widget-container\">\n\t\t\t<h3 class=\"elementor-heading-title elementor-size-default\">La Normandie et le Qu\u00e9bec<\/h3>\t\t<\/div>\n\t\t\t\t<\/div>\n\t\t\t\t<div class=\"elementor-element elementor-element-6080357 sc_fly_static elementor-widget elementor-widget-text-editor\" data-id=\"6080357\" data-element_type=\"widget\" data-widget_type=\"text-editor.default\">\n\t\t\t\t<div class=\"elementor-widget-container\">\n\t\t\t\t\t\t\t<ul class=\"arrow-rouge\"><li>Mot d&#8217;introduction<\/li><li>Aux origines de la relation Normandie-Qu\u00e9bec (avant 1608)<br \/><ul class=\"arrow-rouge\"><li>La p\u00eache \u00e0 la morue<\/li><li>La traite des fourrures<\/li><li>Navigateurs et explorateurs<\/li><li>Le Pays de Caux<\/li><\/ul><\/li><li>Le temps de la Nouvelle-France (1608-1759)<br \/><ul class=\"arrow-rouge\"><li>Les protestants de Normandie partis en Nouvelle-France<\/li><li>Le foyer de d\u00e9part de Caen vers le Canada au 17-18\u00e8me<\/li><\/ul><\/li><li>Une histoire partag\u00e9e (apr\u00e8s 1759)<br \/><ul class=\"arrow-rouge\"><li>La Normandie, le Qu\u00e9bec et la seconde guerre mondiale<\/li><\/ul><\/li><li><a href=\"https:\/\/clients-conceptsk8.com\/cfqlmc-dev\/honfleur-et-champlain\/\" rel=\"noopener\">Villes et lieux de m\u00e9moire<\/a><\/li><li>Personnages<br \/><ul class=\"arrow-rouge\"><li><em>Personnages li\u00e9s au Qu\u00e9bec<\/em><\/li><\/ul><\/li><li><a href=\"https:\/\/clients-conceptsk8.com\/cfqlmc-dev\/musees-partenaires-de-normandie\/\" rel=\"noopener\">Mus\u00e9es partenaires de Normandie<\/a><\/li><li><strong>R\u00e9f\u00e9rences bibliographiques et num\u00e9riques<\/strong><\/li><\/ul>\t\t\t\t\t\t<\/div>\n\t\t\t\t<\/div>\n\t\t\t\t<div class=\"elementor-element elementor-element-679a3a9 sc_fly_static elementor-widget elementor-widget-heading\" data-id=\"679a3a9\" data-element_type=\"widget\" data-widget_type=\"heading.default\">\n\t\t\t\t<div class=\"elementor-widget-container\">\n\t\t\t<h3 class=\"elementor-heading-title elementor-size-default\">L'Ile de France et le Qu\u00e9bec<\/h3>\t\t<\/div>\n\t\t\t\t<\/div>\n\t\t\t\t<div class=\"elementor-element elementor-element-f1c81f9 sc_fly_static elementor-widget elementor-widget-text-editor\" data-id=\"f1c81f9\" data-element_type=\"widget\" data-widget_type=\"text-editor.default\">\n\t\t\t\t<div class=\"elementor-widget-container\">\n\t\t\t\t\t\t\t<ul class=\"arrow-rouge\"><li>Mot d&#8217;introduction<\/li><li>Aux origines de la relation \u00cele-de-France-Qu\u00e9bec (avant 1608)<\/li><li>Le temps de la Nouvelle-France (1608-1759)<\/li><li>Une histoire partag\u00e9e (apr\u00e8s 1759)<\/li><li>Villes et lieux de m\u00e9moire<\/li><li>Personnages<br \/><ul class=\"arrow-rouge\"><li><em>Personnages li\u00e9s au Qu\u00e9bec<\/em><\/li><\/ul><\/li><li><a href=\"https:\/\/clients-conceptsk8.com\/cfqlmc-dev\/musees-partenaires-dile-de-france\/\" rel=\"noopener\">Mus\u00e9es partenaires d&#8217;Ile de France<\/a><\/li><li>R\u00e9f\u00e9rences bibliographiques et num\u00e9riques<\/li><li><a href=\"https:\/\/clients-conceptsk8.com\/cfqlmc-dev\/wp-content\/uploads\/2024\/05\/livre-7-cm-idf.pdf\" target=\"_blank\" rel=\"noopener\">Chemins de la M\u00e9moire<\/a>(17,8 Mo)<\/li><li><strong>Voir aussi <\/strong><a href=\"http:\/\/ca.rendezvousenfrance.com\/fr#xtor=AL-999\" target=\"_blank\" rel=\"noopener\">Les pionniers de la Nouvelle-France, partis depuis le Val-d&#8217;Oise<\/a><\/li><\/ul>\t\t\t\t\t\t<\/div>\n\t\t\t\t<\/div>\n\t\t\t\t\t<\/div>\n\t\t\t\t<\/div>\n\t\t\t\t<\/div>\n\t\t","protected":false},"excerpt":{"rendered":"<p>Page (post) title HomePage (post) title Qu\u00e9bec Parcours m\u00e9moriel Trois-Rivi\u00e8res (Forges du Saint-Maurice) \u00e0 Neuville (couvent) Les pionniers originaires de l&#8217;ancienne France mari\u00e9s dans la MRC de Portneuf Titre : Grande Maison &#8211; Forges du&hellip;<\/p>\n","protected":false},"author":1,"featured_media":0,"parent":5017,"menu_order":0,"comment_status":"closed","ping_status":"closed","template":"","meta":{"footnotes":""},"class_list":["post-5025","page","type-page","status-publish","hentry"],"_links":{"self":[{"href":"https:\/\/clients-conceptsk8.com\/cfqlmc-dev\/wp-json\/wp\/v2\/pages\/5025","targetHints":{"allow":["GET"]}}],"collection":[{"href":"https:\/\/clients-conceptsk8.com\/cfqlmc-dev\/wp-json\/wp\/v2\/pages"}],"about":[{"href":"https:\/\/clients-conceptsk8.com\/cfqlmc-dev\/wp-json\/wp\/v2\/types\/page"}],"author":[{"embeddable":true,"href":"https:\/\/clients-conceptsk8.com\/cfqlmc-dev\/wp-json\/wp\/v2\/users\/1"}],"replies":[{"embeddable":true,"href":"https:\/\/clients-conceptsk8.com\/cfqlmc-dev\/wp-json\/wp\/v2\/comments?post=5025"}],"version-history":[{"count":91,"href":"https:\/\/clients-conceptsk8.com\/cfqlmc-dev\/wp-json\/wp\/v2\/pages\/5025\/revisions"}],"predecessor-version":[{"id":9516,"href":"https:\/\/clients-conceptsk8.com\/cfqlmc-dev\/wp-json\/wp\/v2\/pages\/5025\/revisions\/9516"}],"up":[{"embeddable":true,"href":"https:\/\/clients-conceptsk8.com\/cfqlmc-dev\/wp-json\/wp\/v2\/pages\/5017"}],"wp:attachment":[{"href":"https:\/\/clients-conceptsk8.com\/cfqlmc-dev\/wp-json\/wp\/v2\/media?parent=5025"}],"curies":[{"name":"wp","href":"https:\/\/api.w.org\/{rel}","templated":true}]}}