{"id":1935,"date":"2023-07-05T10:52:49","date_gmt":"2023-07-05T14:52:49","guid":{"rendered":"https:\/\/clients-conceptsk8.com\/larouche-tests\/?page_id=1935"},"modified":"2024-02-22T13:47:44","modified_gmt":"2024-02-22T18:47:44","slug":"service-descorte-routiere","status":"publish","type":"page","link":"https:\/\/clients-conceptsk8.com\/larouche-tests\/service-descorte-routiere\/","title":{"rendered":"Service d\u2019escorte routi\u00e8re"},"content":{"rendered":"\t\t<div data-elementor-type=\"wp-page\" data-elementor-id=\"1935\" class=\"elementor elementor-1935\" data-elementor-post-type=\"page\">\n\t\t\t\t\t\t<section class=\"elementor-section elementor-top-section elementor-element elementor-element-2f71408 elementor-reverse-tablet elementor-reverse-mobile elementor-section-boxed elementor-section-height-default elementor-section-height-default\" data-id=\"2f71408\" data-element_type=\"section\">\n\t\t\t\t\t\t<div class=\"elementor-container elementor-column-gap-no\">\n\t\t\t\t\t<div class=\"elementor-column elementor-col-50 elementor-top-column elementor-element elementor-element-fed7c54 sidebar-area\" data-id=\"fed7c54\" data-element_type=\"column\">\n\t\t\t<div class=\"elementor-widget-wrap elementor-element-populated\">\n\t\t\t\t\r\n\t\t<div class=\"elementor-element elementor-element-4b50308 elementor-widget elementor-widget-maleninfobox\" data-id=\"4b50308\" data-element_type=\"widget\" data-widget_type=\"maleninfobox.default\">\n\t\t\t\t<div class=\"elementor-widget-container\">\n\t\t\t\t\t\r\n        \t\t\t<div class=\"widget_banner  \" data-bg-src=\"https:\/\/conceptsk1.com\/larouche-dev\/wp-content\/uploads\/2024\/02\/besoin-aide-remorquage.jpg\">\r\n\t\t\t\t<div class=\"widget_wrapper\">\r\n\t\t\t\t\t<h4 class=\"widget_title\">Besoin d'aide ?<\/h4>\r\n\t\t\t\t\t<div class=\"widget-banner\">\r\n\t\t\t\t\t\t<div class=\"widget-icon\">\r\n\t\t\t\t\t\t\t<a href=\"tel:4186220607\" class=\"play-btn\"><i class=\"fa-regular fa-phone\"><\/i><\/a>\r\n\t\t\t\t\t\t<\/div>\r\n\t\t\t\t\t\t<div class=\"widget-content\">\r\n\t\t\t\t\t\t\t<span class=\"widget_desc\">Appelez-nous<\/span>\r\n\t\t\t\t\t\t\t<a href=\"tel:4186220607\" class=\"banner-link\">418-622-0607<\/a>\r\n\t\t\t\t\t\t<\/div>\r\n\t\t\t\t\t<\/div>\r\n\t\t\t\t<\/div>\r\n\t\t\t<\/div>\r\n\r\n\r\n    \t\t\t\t\t<\/div>\n\t\t\t\t<\/div>\n\t\t\t\t\t<\/div>\n\t\t<\/div>\n\t\t\t\t<div class=\"elementor-column elementor-col-50 elementor-top-column elementor-element elementor-element-ab387dc\" data-id=\"ab387dc\" data-element_type=\"column\">\n\t\t\t<div class=\"elementor-widget-wrap elementor-element-populated\">\n\t\t\t\t\t\t<div class=\"elementor-element elementor-element-a39d118 elementor-widget elementor-widget-malensectiontitle\" data-id=\"a39d118\" data-element_type=\"widget\" data-widget_type=\"malensectiontitle.default\">\n\t\t\t\t<div class=\"elementor-widget-container\">\n\t\t\t\t\t\t\t<div class=\"title-area text-left\">\r\n\t\t\t\r\n\t\t\t<span class=\"sub-title th-sub\">Service<\/span><h2 class=\"sec-title th-title\">Escorte routi\u00e8re<\/h2>\t\t<\/div>\r\n\r\n\t\t\t\t\t<\/div>\n\t\t\t\t<\/div>\n\t\t\t\t<section class=\"elementor-section elementor-inner-section elementor-element elementor-element-bf6352c elementor-section-boxed elementor-section-height-default elementor-section-height-default\" data-id=\"bf6352c\" data-element_type=\"section\">\n\t\t\t\t\t\t<div class=\"elementor-container elementor-column-gap-default\">\n\t\t\t\t\t<div class=\"elementor-column elementor-col-50 elementor-inner-column elementor-element elementor-element-d906f10\" data-id=\"d906f10\" data-element_type=\"column\">\n\t\t\t<div class=\"elementor-widget-wrap elementor-element-populated\">\n\t\t\t\t\t\t<div class=\"elementor-element elementor-element-31856ae elementor-widget elementor-widget-image\" data-id=\"31856ae\" data-element_type=\"widget\" data-widget_type=\"image.default\">\n\t\t\t\t<div class=\"elementor-widget-container\">\n\t\t\t\t\t\t\t\t\t\t\t\t\t\t\t<img fetchpriority=\"high\" decoding=\"async\" width=\"600\" height=\"450\" src=\"https:\/\/clients-conceptsk8.com\/larouche-tests\/wp-content\/uploads\/2023\/10\/larouche-escorte-routiere.jpg\" class=\"attachment-full size-full wp-image-2793\" alt=\"\" srcset=\"https:\/\/clients-conceptsk8.com\/larouche-tests\/wp-content\/uploads\/2023\/10\/larouche-escorte-routiere.jpg 600w, https:\/\/clients-conceptsk8.com\/larouche-tests\/wp-content\/uploads\/2023\/10\/larouche-escorte-routiere-300x225.jpg 300w\" sizes=\"(max-width: 600px) 100vw, 600px\" \/>\t\t\t\t\t\t\t\t\t\t\t\t\t\t\t<\/div>\n\t\t\t\t<\/div>\n\t\t\t\t\t<\/div>\n\t\t<\/div>\n\t\t\t\t<div class=\"elementor-column elementor-col-50 elementor-inner-column elementor-element elementor-element-b354798\" data-id=\"b354798\" data-element_type=\"column\">\n\t\t\t<div class=\"elementor-widget-wrap\">\n\t\t\t\t\t\t\t<\/div>\n\t\t<\/div>\n\t\t\t\t\t<\/div>\n\t\t<\/section>\n\t\t\t\t<div class=\"elementor-element elementor-element-5e801b5 elementor-widget elementor-widget-text-editor\" data-id=\"5e801b5\" data-element_type=\"widget\" data-widget_type=\"text-editor.default\">\n\t\t\t\t<div class=\"elementor-widget-container\">\n\t\t\t\t\t\t\t\t\t<p>Larouche Remorquage offre un service d\u2019escorte routi\u00e8re selon les normes s\u00e9curitaires de l\u2019industrie, votre camion est trop gros, trop large, nos services d\u2019escorte pourront vous aider.<\/p><p>Nous disposons de tous les \u00e9quipements n\u00e9cessaires et d\u00e9tenons tous les permis pour le transport hors-normes ainsi que le transport de mati\u00e8res dangereuses. Nos employ\u00e9s ont re\u00e7u des formations sp\u00e9cialis\u00e9es afin de r\u00e9pondre ad\u00e9quatement, s\u00e9curitairement et professionnellement \u00e0 toute demande.<\/p><p>\u00a0<\/p>\t\t\t\t\t\t\t\t<\/div>\n\t\t\t\t<\/div>\n\t\t\t\t<div class=\"elementor-element elementor-element-f127cce elementor-widget elementor-widget-malenbutton\" data-id=\"f127cce\" data-element_type=\"widget\" data-widget_type=\"malenbutton.default\">\n\t\t\t\t<div class=\"elementor-widget-container\">\n\t\t\t\t\t<div class=\"btn-wrapper\"><a class=\"th-btn th_btn\" href=\"https:\/\/clients-conceptsk8.com\/larouche-tests\/contact\/\">Communiquez avec nous afin d'obtenir plus d'informations<\/a><\/div>\t\t\t\t<\/div>\n\t\t\t\t<\/div>\n\t\t\t\t\t<\/div>\n\t\t<\/div>\n\t\t\t\t\t<\/div>\n\t\t<\/section>\n\t\t\t\t<\/div>\n\t\t","protected":false},"excerpt":{"rendered":"<p>Besoin d&#8217;aide ? Appelez-nous 418-622-0607 Service Escorte routi\u00e8re Larouche Remorquage offre un service d\u2019escorte routi\u00e8re selon les normes s\u00e9curitaires de l\u2019industrie, votre camion est trop gros, trop large, nos services d\u2019escorte pourront vous aider. Nous disposons de tous les \u00e9quipements n\u00e9cessaires et d\u00e9tenons tous les permis pour le transport hors-normes ainsi que le transport de&#8230;<\/p>\n","protected":false},"author":1,"featured_media":0,"parent":0,"menu_order":0,"comment_status":"closed","ping_status":"closed","template":"template-builder.php","meta":{"footnotes":""},"class_list":["post-1935","page","type-page","status-publish","hentry"],"_links":{"self":[{"href":"https:\/\/clients-conceptsk8.com\/larouche-tests\/wp-json\/wp\/v2\/pages\/1935","targetHints":{"allow":["GET"]}}],"collection":[{"href":"https:\/\/clients-conceptsk8.com\/larouche-tests\/wp-json\/wp\/v2\/pages"}],"about":[{"href":"https:\/\/clients-conceptsk8.com\/larouche-tests\/wp-json\/wp\/v2\/types\/page"}],"author":[{"embeddable":true,"href":"https:\/\/clients-conceptsk8.com\/larouche-tests\/wp-json\/wp\/v2\/users\/1"}],"replies":[{"embeddable":true,"href":"https:\/\/clients-conceptsk8.com\/larouche-tests\/wp-json\/wp\/v2\/comments?post=1935"}],"version-history":[{"count":67,"href":"https:\/\/clients-conceptsk8.com\/larouche-tests\/wp-json\/wp\/v2\/pages\/1935\/revisions"}],"predecessor-version":[{"id":3715,"href":"https:\/\/clients-conceptsk8.com\/larouche-tests\/wp-json\/wp\/v2\/pages\/1935\/revisions\/3715"}],"wp:attachment":[{"href":"https:\/\/clients-conceptsk8.com\/larouche-tests\/wp-json\/wp\/v2\/media?parent=1935"}],"curies":[{"name":"wp","href":"https:\/\/api.w.org\/{rel}","templated":true}]}}