{"id":2247,"date":"2023-07-13T13:34:34","date_gmt":"2023-07-13T17:34:34","guid":{"rendered":"https:\/\/clients-conceptsk8.com\/larouche-tests\/?page_id=2247"},"modified":"2024-02-21T11:59:04","modified_gmt":"2024-02-21T16:59:04","slug":"fourriere","status":"publish","type":"page","link":"https:\/\/clients-conceptsk8.com\/larouche-tests\/fourriere\/","title":{"rendered":"Fourri\u00e8re"},"content":{"rendered":"\t\t<div data-elementor-type=\"wp-page\" data-elementor-id=\"2247\" class=\"elementor elementor-2247\" data-elementor-post-type=\"page\">\n\t\t\t\t\t\t<section class=\"elementor-section elementor-top-section elementor-element elementor-element-2f71408 elementor-reverse-tablet elementor-reverse-mobile elementor-section-boxed elementor-section-height-default elementor-section-height-default\" data-id=\"2f71408\" data-element_type=\"section\">\n\t\t\t\t\t\t<div class=\"elementor-container elementor-column-gap-no\">\n\t\t\t\t\t<div class=\"elementor-column elementor-col-50 elementor-top-column elementor-element elementor-element-fed7c54 sidebar-area\" data-id=\"fed7c54\" data-element_type=\"column\">\n\t\t\t<div class=\"elementor-widget-wrap elementor-element-populated\">\n\t\t\t\t\r\n\t\t<div class=\"elementor-element elementor-element-4b50308 elementor-widget elementor-widget-maleninfobox\" data-id=\"4b50308\" data-element_type=\"widget\" data-widget_type=\"maleninfobox.default\">\n\t\t\t\t<div class=\"elementor-widget-container\">\n\t\t\t\t\t\r\n        \t\t\t<div class=\"widget_banner  \" data-bg-src=\"https:\/\/conceptsk1.com\/larouche-dev\/wp-content\/uploads\/2024\/02\/besoin-aide-remorquage.jpg\">\r\n\t\t\t\t<div class=\"widget_wrapper\">\r\n\t\t\t\t\t<h4 class=\"widget_title\">Besoin d'aide ?<\/h4>\r\n\t\t\t\t\t<div class=\"widget-banner\">\r\n\t\t\t\t\t\t<div class=\"widget-icon\">\r\n\t\t\t\t\t\t\t<a href=\"tel:4186220607\" class=\"play-btn\"><i class=\"fa-regular fa-phone\"><\/i><\/a>\r\n\t\t\t\t\t\t<\/div>\r\n\t\t\t\t\t\t<div class=\"widget-content\">\r\n\t\t\t\t\t\t\t<span class=\"widget_desc\">Appelez-nous<\/span>\r\n\t\t\t\t\t\t\t<a href=\"tel:4186220607\" class=\"banner-link\">418-622-0607<\/a>\r\n\t\t\t\t\t\t<\/div>\r\n\t\t\t\t\t<\/div>\r\n\t\t\t\t<\/div>\r\n\t\t\t<\/div>\r\n\r\n\r\n    \t\t\t\t\t<\/div>\n\t\t\t\t<\/div>\n\t\t\t\t\t<\/div>\n\t\t<\/div>\n\t\t\t\t<div class=\"elementor-column elementor-col-50 elementor-top-column elementor-element elementor-element-ab387dc\" data-id=\"ab387dc\" data-element_type=\"column\">\n\t\t\t<div class=\"elementor-widget-wrap elementor-element-populated\">\n\t\t\t\t\t\t<div class=\"elementor-element elementor-element-7e7b159 elementor-widget elementor-widget-malensectiontitle\" data-id=\"7e7b159\" data-element_type=\"widget\" data-widget_type=\"malensectiontitle.default\">\n\t\t\t\t<div class=\"elementor-widget-container\">\n\t\t\t\t\t\t\t<div class=\"title-area text-left\">\r\n\t\t\t\r\n\t\t\t<span class=\"sub-title th-sub\">Service<\/span><h2 class=\"sec-title th-title\">Fourri\u00e8re<\/h2>\t\t<\/div>\r\n\r\n\t\t\t\t\t<\/div>\n\t\t\t\t<\/div>\n\t\t\t\t<section class=\"elementor-section elementor-inner-section elementor-element elementor-element-b0c03ed elementor-section-boxed elementor-section-height-default elementor-section-height-default\" data-id=\"b0c03ed\" data-element_type=\"section\">\n\t\t\t\t\t\t<div class=\"elementor-container elementor-column-gap-default\">\n\t\t\t\t\t<div class=\"elementor-column elementor-col-50 elementor-inner-column elementor-element elementor-element-5d5de23\" data-id=\"5d5de23\" data-element_type=\"column\">\n\t\t\t<div class=\"elementor-widget-wrap elementor-element-populated\">\n\t\t\t\t\t\t<div class=\"elementor-element elementor-element-31856ae elementor-widget elementor-widget-image\" data-id=\"31856ae\" data-element_type=\"widget\" data-widget_type=\"image.default\">\n\t\t\t\t<div class=\"elementor-widget-container\">\n\t\t\t\t\t\t\t\t\t\t\t\t\t\t\t<img fetchpriority=\"high\" decoding=\"async\" width=\"716\" height=\"370\" src=\"https:\/\/clients-conceptsk8.com\/larouche-tests\/wp-content\/uploads\/2024\/02\/fourriere-services.jpg\" class=\"attachment-full size-full wp-image-3525\" alt=\"\" srcset=\"https:\/\/clients-conceptsk8.com\/larouche-tests\/wp-content\/uploads\/2024\/02\/fourriere-services.jpg 716w, https:\/\/clients-conceptsk8.com\/larouche-tests\/wp-content\/uploads\/2024\/02\/fourriere-services-300x155.jpg 300w, https:\/\/clients-conceptsk8.com\/larouche-tests\/wp-content\/uploads\/2024\/02\/fourriere-services-600x310.jpg 600w\" sizes=\"(max-width: 716px) 100vw, 716px\" \/>\t\t\t\t\t\t\t\t\t\t\t\t\t\t\t<\/div>\n\t\t\t\t<\/div>\n\t\t\t\t\t<\/div>\n\t\t<\/div>\n\t\t\t\t<div class=\"elementor-column elementor-col-50 elementor-inner-column elementor-element elementor-element-42abfcf\" data-id=\"42abfcf\" data-element_type=\"column\">\n\t\t\t<div class=\"elementor-widget-wrap\">\n\t\t\t\t\t\t\t<\/div>\n\t\t<\/div>\n\t\t\t\t\t<\/div>\n\t\t<\/section>\n\t\t\t\t<div class=\"elementor-element elementor-element-5e801b5 elementor-widget elementor-widget-text-editor\" data-id=\"5e801b5\" data-element_type=\"widget\" data-widget_type=\"text-editor.default\">\n\t\t\t\t<div class=\"elementor-widget-container\">\n\t\t\t\t\t\t\t\t\t<p style=\"font-weight: 400;\">La fourri\u00e8re municipale de la Ville de Qu\u00e9bec est situ\u00e9e \u00e0 nos bureaux. Cl\u00f4tur\u00e9e et surveill\u00e9e par un syst\u00e8me de cam\u00e9ras, elle est \u00e9galement dot\u00e9e d\u2019une pr\u00e9sence physique 24 heures sur 24, 7 jours sur 7 pour une s\u00e9curit\u00e9 maximale.<\/p>\t\t\t\t\t\t\t\t<\/div>\n\t\t\t\t<\/div>\n\t\t\t\t\t<\/div>\n\t\t<\/div>\n\t\t\t\t\t<\/div>\n\t\t<\/section>\n\t\t\t\t<section class=\"elementor-section elementor-top-section elementor-element elementor-element-53b530f elementor-section-boxed elementor-section-height-default elementor-section-height-default\" data-id=\"53b530f\" data-element_type=\"section\">\n\t\t\t\t\t\t<div class=\"elementor-container elementor-column-gap-default\">\n\t\t\t\t\t<div class=\"elementor-column elementor-col-50 elementor-top-column elementor-element elementor-element-6abd1a4\" data-id=\"6abd1a4\" data-element_type=\"column\">\n\t\t\t<div class=\"elementor-widget-wrap elementor-element-populated\">\n\t\t\t\t\t\t<div class=\"elementor-element elementor-element-86bfda4 elementor-widget elementor-widget-heading\" data-id=\"86bfda4\" data-element_type=\"widget\" data-widget_type=\"heading.default\">\n\t\t\t\t<div class=\"elementor-widget-container\">\n\t\t\t\t\t<h3 class=\"elementor-heading-title elementor-size-default\">V\u00e9hicule remorqu\u00e9<\/h3>\t\t\t\t<\/div>\n\t\t\t\t<\/div>\n\t\t\t\t<div class=\"elementor-element elementor-element-60252ce elementor-widget-divider--view-line elementor-widget elementor-widget-divider\" data-id=\"60252ce\" data-element_type=\"widget\" data-widget_type=\"divider.default\">\n\t\t\t\t<div class=\"elementor-widget-container\">\n\t\t\t\t\t\t\t<div class=\"elementor-divider\">\n\t\t\t<span class=\"elementor-divider-separator\">\n\t\t\t\t\t\t<\/span>\n\t\t<\/div>\n\t\t\t\t\t\t<\/div>\n\t\t\t\t<\/div>\n\t\t\t\t<div class=\"elementor-element elementor-element-df142d8 elementor-widget elementor-widget-text-editor\" data-id=\"df142d8\" data-element_type=\"widget\" data-widget_type=\"text-editor.default\">\n\t\t\t\t<div class=\"elementor-widget-container\">\n\t\t\t\t\t\t\t\t\t<p style=\"font-weight: 400;\">Si votre v\u00e9hicule a \u00e9t\u00e9 remorqu\u00e9 suite \u00e0 une op\u00e9ration de d\u00e9neigement, veuillez communiquer avant avec Info-Remorquage (Ville de Qu\u00e9bec) au 418-641-6666 et fournir le num\u00e9ro d\u2019immatriculation de votre v\u00e9hicule pour conna\u00eetre l\u2019endroit o\u00f9 le r\u00e9cup\u00e9rer.<\/p>\t\t\t\t\t\t\t\t<\/div>\n\t\t\t\t<\/div>\n\t\t\t\t\t<\/div>\n\t\t<\/div>\n\t\t\t\t<div class=\"elementor-column elementor-col-50 elementor-top-column elementor-element elementor-element-8bbf8de\" data-id=\"8bbf8de\" data-element_type=\"column\">\n\t\t\t<div class=\"elementor-widget-wrap elementor-element-populated\">\n\t\t\t\t\t\t<div class=\"elementor-element elementor-element-4d08199 elementor-position-top elementor-widget elementor-widget-image-box\" data-id=\"4d08199\" data-element_type=\"widget\" data-widget_type=\"image-box.default\">\n\t\t\t\t<div class=\"elementor-widget-container\">\n\t\t\t\t\t<div class=\"elementor-image-box-wrapper\"><figure class=\"elementor-image-box-img\"><img decoding=\"async\" width=\"200\" height=\"131\" src=\"https:\/\/clients-conceptsk8.com\/larouche-tests\/wp-content\/uploads\/2023\/10\/logo-ville-de-quebec.png\" class=\"attachment-full size-full wp-image-2813\" alt=\"\" \/><\/figure><div class=\"elementor-image-box-content\"><h4 class=\"elementor-image-box-title\">Info-Remorquage<\/h4><\/div><\/div>\t\t\t\t<\/div>\n\t\t\t\t<\/div>\n\t\t\t\t<div class=\"elementor-element elementor-element-4457eaf elementor-widget elementor-widget-malenbutton\" data-id=\"4457eaf\" data-element_type=\"widget\" data-widget_type=\"malenbutton.default\">\n\t\t\t\t<div class=\"elementor-widget-container\">\n\t\t\t\t\t<div class=\"btn-wrapper\"><a class=\"th-btn th_btn\" href=\"tel:4186416666\">418-641-6666<\/a><\/div>\t\t\t\t<\/div>\n\t\t\t\t<\/div>\n\t\t\t\t\t<\/div>\n\t\t<\/div>\n\t\t\t\t\t<\/div>\n\t\t<\/section>\n\t\t\t\t<section class=\"elementor-section elementor-top-section elementor-element elementor-element-03ad0e1 elementor-section-boxed elementor-section-height-default elementor-section-height-default\" data-id=\"03ad0e1\" data-element_type=\"section\">\n\t\t\t\t\t\t<div class=\"elementor-container elementor-column-gap-default\">\n\t\t\t\t\t<div class=\"elementor-column elementor-col-100 elementor-top-column elementor-element elementor-element-5c01adf\" data-id=\"5c01adf\" data-element_type=\"column\">\n\t\t\t<div class=\"elementor-widget-wrap elementor-element-populated\">\n\t\t\t\t\t\t<div class=\"elementor-element elementor-element-351e534 elementor-widget elementor-widget-spacer\" data-id=\"351e534\" data-element_type=\"widget\" data-widget_type=\"spacer.default\">\n\t\t\t\t<div class=\"elementor-widget-container\">\n\t\t\t\t\t\t\t<div class=\"elementor-spacer\">\n\t\t\t<div class=\"elementor-spacer-inner\"><\/div>\n\t\t<\/div>\n\t\t\t\t\t\t<\/div>\n\t\t\t\t<\/div>\n\t\t\t\t\t<\/div>\n\t\t<\/div>\n\t\t\t\t\t<\/div>\n\t\t<\/section>\n\t\t\t\t<\/div>\n\t\t","protected":false},"excerpt":{"rendered":"<p>Besoin d&#8217;aide ? Appelez-nous 418-622-0607 Service Fourri\u00e8re La fourri\u00e8re municipale de la Ville de Qu\u00e9bec est situ\u00e9e \u00e0 nos bureaux. Cl\u00f4tur\u00e9e et surveill\u00e9e par un syst\u00e8me de cam\u00e9ras, elle est \u00e9galement dot\u00e9e d\u2019une pr\u00e9sence physique 24 heures sur 24, 7 jours sur 7 pour une s\u00e9curit\u00e9 maximale. V\u00e9hicule remorqu\u00e9 Si votre v\u00e9hicule a \u00e9t\u00e9 remorqu\u00e9&#8230;<\/p>\n","protected":false},"author":1,"featured_media":0,"parent":0,"menu_order":0,"comment_status":"closed","ping_status":"closed","template":"template-builder.php","meta":{"footnotes":""},"class_list":["post-2247","page","type-page","status-publish","hentry"],"_links":{"self":[{"href":"https:\/\/clients-conceptsk8.com\/larouche-tests\/wp-json\/wp\/v2\/pages\/2247","targetHints":{"allow":["GET"]}}],"collection":[{"href":"https:\/\/clients-conceptsk8.com\/larouche-tests\/wp-json\/wp\/v2\/pages"}],"about":[{"href":"https:\/\/clients-conceptsk8.com\/larouche-tests\/wp-json\/wp\/v2\/types\/page"}],"author":[{"embeddable":true,"href":"https:\/\/clients-conceptsk8.com\/larouche-tests\/wp-json\/wp\/v2\/users\/1"}],"replies":[{"embeddable":true,"href":"https:\/\/clients-conceptsk8.com\/larouche-tests\/wp-json\/wp\/v2\/comments?post=2247"}],"version-history":[{"count":70,"href":"https:\/\/clients-conceptsk8.com\/larouche-tests\/wp-json\/wp\/v2\/pages\/2247\/revisions"}],"predecessor-version":[{"id":3624,"href":"https:\/\/clients-conceptsk8.com\/larouche-tests\/wp-json\/wp\/v2\/pages\/2247\/revisions\/3624"}],"wp:attachment":[{"href":"https:\/\/clients-conceptsk8.com\/larouche-tests\/wp-json\/wp\/v2\/media?parent=2247"}],"curies":[{"name":"wp","href":"https:\/\/api.w.org\/{rel}","templated":true}]}}