{"id":23,"date":"2023-05-15T01:59:36","date_gmt":"2023-05-15T01:59:36","guid":{"rendered":"https:\/\/themeholy.com\/wordpress\/malen\/?page_id=23"},"modified":"2024-02-22T13:45:58","modified_gmt":"2024-02-22T18:45:58","slug":"services","status":"publish","type":"page","link":"https:\/\/clients-conceptsk8.com\/larouche-tests\/services\/","title":{"rendered":"Services"},"content":{"rendered":"\t\t<div data-elementor-type=\"wp-page\" data-elementor-id=\"23\" class=\"elementor elementor-23\" data-elementor-post-type=\"page\">\n\t\t\t\t\t\t<section class=\"elementor-section elementor-top-section elementor-element elementor-element-51bb885 elementor-section-boxed elementor-section-height-default elementor-section-height-default\" data-id=\"51bb885\" data-element_type=\"section\" data-settings=\"{&quot;background_background&quot;:&quot;classic&quot;}\">\n\t\t\t\t\t\t<div class=\"elementor-container elementor-column-gap-no\">\n\t\t\t\t\t<div class=\"elementor-column elementor-col-100 elementor-top-column elementor-element elementor-element-129965a\" data-id=\"129965a\" data-element_type=\"column\">\n\t\t\t<div class=\"elementor-widget-wrap elementor-element-populated\">\n\t\t\t\t\r\n\t\t<div class=\"elementor-element elementor-element-5c69143 elementor-widget__width-inherit elementor-widget elementor-widget-malensectiontitle\" data-id=\"5c69143\" data-element_type=\"widget\" data-widget_type=\"malensectiontitle.default\">\n\t\t\t\t<div class=\"elementor-widget-container\">\n\t\t\t\t\t\t\t<div class=\"title-area text-center\">\r\n\t\t\t\r\n\t\t\t<h3 class=\"sub-title th-sub\">Larouche Remorquage <span class=\"double-line\"><\/span><\/h3><h2 class=\"sec-title th-title\">Services offerts<\/h2>\t\t<\/div>\r\n\r\n\t\t\t\t\t<\/div>\n\t\t\t\t<\/div>\n\t\t\t\t\t<\/div>\n\t\t<\/div>\n\t\t\t\t\t<\/div>\n\t\t<\/section>\n\t\t\t\t<section class=\"elementor-section elementor-top-section elementor-element elementor-element-04fe81e elementor-section-boxed elementor-section-height-default elementor-section-height-default\" data-id=\"04fe81e\" data-element_type=\"section\">\n\t\t\t\t\t\t<div class=\"elementor-container elementor-column-gap-default\">\n\t\t\t\t\t<div class=\"elementor-column elementor-col-50 elementor-top-column elementor-element elementor-element-8a1f531\" data-id=\"8a1f531\" data-element_type=\"column\" data-settings=\"{&quot;background_background&quot;:&quot;classic&quot;}\">\n\t\t\t<div class=\"elementor-widget-wrap elementor-element-populated\">\n\t\t\t\t\t\t<div class=\"elementor-element elementor-element-f2914dc elementor-position-top elementor-widget elementor-widget-image-box\" data-id=\"f2914dc\" data-element_type=\"widget\" data-widget_type=\"image-box.default\">\n\t\t\t\t<div class=\"elementor-widget-container\">\n\t\t\t\t\t<div class=\"elementor-image-box-wrapper\"><figure class=\"elementor-image-box-img\"><a href=\"https:\/\/clients-conceptsk8.com\/larouche-tests\/remorquage\/\" tabindex=\"-1\"><img fetchpriority=\"high\" decoding=\"async\" width=\"530\" height=\"353\" src=\"https:\/\/clients-conceptsk8.com\/larouche-tests\/wp-content\/uploads\/2024\/02\/services-remorquage.jpg\" class=\"attachment-full size-full wp-image-3363\" alt=\"\" srcset=\"https:\/\/clients-conceptsk8.com\/larouche-tests\/wp-content\/uploads\/2024\/02\/services-remorquage.jpg 530w, https:\/\/clients-conceptsk8.com\/larouche-tests\/wp-content\/uploads\/2024\/02\/services-remorquage-300x200.jpg 300w, https:\/\/clients-conceptsk8.com\/larouche-tests\/wp-content\/uploads\/2024\/02\/services-remorquage-305x203.jpg 305w\" sizes=\"(max-width: 530px) 100vw, 530px\" \/><\/a><\/figure><div class=\"elementor-image-box-content\"><h3 class=\"elementor-image-box-title\"><a href=\"https:\/\/clients-conceptsk8.com\/larouche-tests\/remorquage\/\">Remorquage<\/a><\/h3><p class=\"elementor-image-box-description\">Chez Larouche, obtenez une assistance rapide et professionnelle pour tous vos besoins de remorquage automobile.<\/p><\/div><\/div>\t\t\t\t<\/div>\n\t\t\t\t<\/div>\n\t\t\t\t<div class=\"elementor-element elementor-element-7b4be9a elementor-widget elementor-widget-malenbutton\" data-id=\"7b4be9a\" data-element_type=\"widget\" data-widget_type=\"malenbutton.default\">\n\t\t\t\t<div class=\"elementor-widget-container\">\n\t\t\t\t\t<div class=\"btn-wrapper\"><a class=\"th-btn th_btn\" href=\"https:\/\/clients-conceptsk8.com\/larouche-tests\/remorquage\/\">En savoir plus<\/a><\/div>\t\t\t\t<\/div>\n\t\t\t\t<\/div>\n\t\t\t\t\t<\/div>\n\t\t<\/div>\n\t\t\t\t<div class=\"elementor-column elementor-col-50 elementor-top-column elementor-element elementor-element-6753163\" data-id=\"6753163\" data-element_type=\"column\" data-settings=\"{&quot;background_background&quot;:&quot;classic&quot;}\">\n\t\t\t<div class=\"elementor-widget-wrap elementor-element-populated\">\n\t\t\t\t\t\t<div class=\"elementor-element elementor-element-b462251 elementor-position-top elementor-widget elementor-widget-image-box\" data-id=\"b462251\" data-element_type=\"widget\" data-widget_type=\"image-box.default\">\n\t\t\t\t<div class=\"elementor-widget-container\">\n\t\t\t\t\t<div class=\"elementor-image-box-wrapper\"><figure class=\"elementor-image-box-img\"><a href=\"https:\/\/clients-conceptsk8.com\/larouche-tests\/remorquage-de-vehicule-lourd\/\" tabindex=\"-1\"><img decoding=\"async\" width=\"530\" height=\"353\" src=\"https:\/\/clients-conceptsk8.com\/larouche-tests\/wp-content\/uploads\/2024\/02\/services-remorquage-vehicule-lourd.jpg\" class=\"attachment-full size-full wp-image-3364\" alt=\"\" srcset=\"https:\/\/clients-conceptsk8.com\/larouche-tests\/wp-content\/uploads\/2024\/02\/services-remorquage-vehicule-lourd.jpg 530w, https:\/\/clients-conceptsk8.com\/larouche-tests\/wp-content\/uploads\/2024\/02\/services-remorquage-vehicule-lourd-300x200.jpg 300w, https:\/\/clients-conceptsk8.com\/larouche-tests\/wp-content\/uploads\/2024\/02\/services-remorquage-vehicule-lourd-305x203.jpg 305w\" sizes=\"(max-width: 530px) 100vw, 530px\" \/><\/a><\/figure><div class=\"elementor-image-box-content\"><h3 class=\"elementor-image-box-title\"><a href=\"https:\/\/clients-conceptsk8.com\/larouche-tests\/remorquage-de-vehicule-lourd\/\">Remorquage de v\u00e9hicule lourd<\/a><\/h3><p class=\"elementor-image-box-description\">Experts en remorquage de v\u00e9hicules lourds \u00e0 Larouche. Services fiables, \u00e9quipement sp\u00e9cialis\u00e9, intervention rapide pour r\u00e9soudre les situations difficiles.<\/p><\/div><\/div>\t\t\t\t<\/div>\n\t\t\t\t<\/div>\n\t\t\t\t<div class=\"elementor-element elementor-element-ed40f8c elementor-widget elementor-widget-malenbutton\" data-id=\"ed40f8c\" data-element_type=\"widget\" data-widget_type=\"malenbutton.default\">\n\t\t\t\t<div class=\"elementor-widget-container\">\n\t\t\t\t\t<div class=\"btn-wrapper\"><a class=\"th-btn th_btn\" href=\"https:\/\/clients-conceptsk8.com\/larouche-tests\/remorquage-de-vehicule-lourd\/\">En savoir plus<\/a><\/div>\t\t\t\t<\/div>\n\t\t\t\t<\/div>\n\t\t\t\t\t<\/div>\n\t\t<\/div>\n\t\t\t\t\t<\/div>\n\t\t<\/section>\n\t\t\t\t<section class=\"elementor-section elementor-top-section elementor-element elementor-element-95f08f5 elementor-section-boxed elementor-section-height-default elementor-section-height-default\" data-id=\"95f08f5\" data-element_type=\"section\">\n\t\t\t\t\t\t<div class=\"elementor-container elementor-column-gap-default\">\n\t\t\t\t\t<div class=\"elementor-column elementor-col-50 elementor-top-column elementor-element elementor-element-938697d\" data-id=\"938697d\" data-element_type=\"column\" data-settings=\"{&quot;background_background&quot;:&quot;classic&quot;}\">\n\t\t\t<div class=\"elementor-widget-wrap elementor-element-populated\">\n\t\t\t\t\t\t<div class=\"elementor-element elementor-element-1f0afe3 elementor-position-top elementor-widget elementor-widget-image-box\" data-id=\"1f0afe3\" data-element_type=\"widget\" data-widget_type=\"image-box.default\">\n\t\t\t\t<div class=\"elementor-widget-container\">\n\t\t\t\t\t<div class=\"elementor-image-box-wrapper\"><figure class=\"elementor-image-box-img\"><a href=\"https:\/\/clients-conceptsk8.com\/larouche-tests\/service-de-transport\/\" tabindex=\"-1\"><img decoding=\"async\" width=\"530\" height=\"353\" src=\"https:\/\/clients-conceptsk8.com\/larouche-tests\/wp-content\/uploads\/2024\/02\/services-transport.jpg\" class=\"attachment-full size-full wp-image-3365\" alt=\"\" srcset=\"https:\/\/clients-conceptsk8.com\/larouche-tests\/wp-content\/uploads\/2024\/02\/services-transport.jpg 530w, https:\/\/clients-conceptsk8.com\/larouche-tests\/wp-content\/uploads\/2024\/02\/services-transport-300x200.jpg 300w, https:\/\/clients-conceptsk8.com\/larouche-tests\/wp-content\/uploads\/2024\/02\/services-transport-305x203.jpg 305w\" sizes=\"(max-width: 530px) 100vw, 530px\" \/><\/a><\/figure><div class=\"elementor-image-box-content\"><h3 class=\"elementor-image-box-title\"><a href=\"https:\/\/clients-conceptsk8.com\/larouche-tests\/service-de-transport\/\">Service de transport<\/a><\/h3><p class=\"elementor-image-box-description\">Larouche vous offre un transport s\u00fbr et efficace pour vos charges lourdes et hors-norme. Nous avons des solutions de transport adapt\u00e9es \u00e0 tous vos besoins.<\/p><\/div><\/div>\t\t\t\t<\/div>\n\t\t\t\t<\/div>\n\t\t\t\t<div class=\"elementor-element elementor-element-47fe479 elementor-widget elementor-widget-malenbutton\" data-id=\"47fe479\" data-element_type=\"widget\" data-widget_type=\"malenbutton.default\">\n\t\t\t\t<div class=\"elementor-widget-container\">\n\t\t\t\t\t<div class=\"btn-wrapper\"><a class=\"th-btn th_btn\" href=\"https:\/\/clients-conceptsk8.com\/larouche-tests\/service-de-transport\/\">En savoir plus<\/a><\/div>\t\t\t\t<\/div>\n\t\t\t\t<\/div>\n\t\t\t\t\t<\/div>\n\t\t<\/div>\n\t\t\t\t<div class=\"elementor-column elementor-col-50 elementor-top-column elementor-element elementor-element-fe01e34\" data-id=\"fe01e34\" data-element_type=\"column\" data-settings=\"{&quot;background_background&quot;:&quot;classic&quot;}\">\n\t\t\t<div class=\"elementor-widget-wrap elementor-element-populated\">\n\t\t\t\t\t\t<div class=\"elementor-element elementor-element-b0d49c1 elementor-position-top elementor-widget elementor-widget-image-box\" data-id=\"b0d49c1\" data-element_type=\"widget\" data-widget_type=\"image-box.default\">\n\t\t\t\t<div class=\"elementor-widget-container\">\n\t\t\t\t\t<div class=\"elementor-image-box-wrapper\"><figure class=\"elementor-image-box-img\"><a href=\"https:\/\/clients-conceptsk8.com\/larouche-tests\/service-descorte-routiere\/\" tabindex=\"-1\"><img loading=\"lazy\" decoding=\"async\" width=\"530\" height=\"353\" src=\"https:\/\/clients-conceptsk8.com\/larouche-tests\/wp-content\/uploads\/2024\/02\/services-escorte-routiere.jpg\" class=\"attachment-full size-full wp-image-3366\" alt=\"\" srcset=\"https:\/\/clients-conceptsk8.com\/larouche-tests\/wp-content\/uploads\/2024\/02\/services-escorte-routiere.jpg 530w, https:\/\/clients-conceptsk8.com\/larouche-tests\/wp-content\/uploads\/2024\/02\/services-escorte-routiere-300x200.jpg 300w, https:\/\/clients-conceptsk8.com\/larouche-tests\/wp-content\/uploads\/2024\/02\/services-escorte-routiere-305x203.jpg 305w\" sizes=\"(max-width: 530px) 100vw, 530px\" \/><\/a><\/figure><div class=\"elementor-image-box-content\"><h3 class=\"elementor-image-box-title\"><a href=\"https:\/\/clients-conceptsk8.com\/larouche-tests\/service-descorte-routiere\/\">Service d'escorte routi\u00e8re<\/a><\/h3><p class=\"elementor-image-box-description\">Garantissez la s\u00e9curit\u00e9 de votre convoi avec notre service d'escorte routi\u00e8re \u00e0 Larouche. Prot\u00e9gez vos transports sensibles avec notre expertise d\u00e9di\u00e9e.<\/p><\/div><\/div>\t\t\t\t<\/div>\n\t\t\t\t<\/div>\n\t\t\t\t<div class=\"elementor-element elementor-element-e2705f5 elementor-widget elementor-widget-malenbutton\" data-id=\"e2705f5\" data-element_type=\"widget\" data-widget_type=\"malenbutton.default\">\n\t\t\t\t<div class=\"elementor-widget-container\">\n\t\t\t\t\t<div class=\"btn-wrapper\"><a class=\"th-btn th_btn\" href=\"https:\/\/clients-conceptsk8.com\/larouche-tests\/service-descorte-routiere\/\">En savoir plus<\/a><\/div>\t\t\t\t<\/div>\n\t\t\t\t<\/div>\n\t\t\t\t\t<\/div>\n\t\t<\/div>\n\t\t\t\t\t<\/div>\n\t\t<\/section>\n\t\t\t\t<section class=\"elementor-section elementor-top-section elementor-element elementor-element-c850219 elementor-section-boxed elementor-section-height-default elementor-section-height-default\" data-id=\"c850219\" data-element_type=\"section\">\n\t\t\t\t\t\t<div class=\"elementor-container elementor-column-gap-default\">\n\t\t\t\t\t<div class=\"elementor-column elementor-col-50 elementor-top-column elementor-element elementor-element-565a74c\" data-id=\"565a74c\" data-element_type=\"column\" data-settings=\"{&quot;background_background&quot;:&quot;classic&quot;}\">\n\t\t\t<div class=\"elementor-widget-wrap elementor-element-populated\">\n\t\t\t\t\t\t<div class=\"elementor-element elementor-element-cd6a8ea elementor-position-top elementor-widget elementor-widget-image-box\" data-id=\"cd6a8ea\" data-element_type=\"widget\" data-widget_type=\"image-box.default\">\n\t\t\t\t<div class=\"elementor-widget-container\">\n\t\t\t\t\t<div class=\"elementor-image-box-wrapper\"><figure class=\"elementor-image-box-img\"><a href=\"https:\/\/clients-conceptsk8.com\/larouche-tests\/fourriere\/\" tabindex=\"-1\"><img loading=\"lazy\" decoding=\"async\" width=\"530\" height=\"353\" src=\"https:\/\/clients-conceptsk8.com\/larouche-tests\/wp-content\/uploads\/2024\/02\/services-fourriere-1.jpg\" class=\"attachment-full size-full wp-image-3497\" alt=\"\" srcset=\"https:\/\/clients-conceptsk8.com\/larouche-tests\/wp-content\/uploads\/2024\/02\/services-fourriere-1.jpg 530w, https:\/\/clients-conceptsk8.com\/larouche-tests\/wp-content\/uploads\/2024\/02\/services-fourriere-1-300x200.jpg 300w, https:\/\/clients-conceptsk8.com\/larouche-tests\/wp-content\/uploads\/2024\/02\/services-fourriere-1-305x203.jpg 305w\" sizes=\"(max-width: 530px) 100vw, 530px\" \/><\/a><\/figure><div class=\"elementor-image-box-content\"><h3 class=\"elementor-image-box-title\"><a href=\"https:\/\/clients-conceptsk8.com\/larouche-tests\/fourriere\/\">Fourri\u00e8re<\/a><\/h3><p class=\"elementor-image-box-description\">Votre v\u00e9hicule a \u00e9t\u00e9 remorqu\u00e9 par la ville de Qu\u00e9bec? La fourri\u00e8re municipale est situ\u00e9e \u00e0 nos bureaux. <\/p><\/div><\/div>\t\t\t\t<\/div>\n\t\t\t\t<\/div>\n\t\t\t\t<div class=\"elementor-element elementor-element-b77b485 elementor-widget elementor-widget-malenbutton\" data-id=\"b77b485\" data-element_type=\"widget\" data-widget_type=\"malenbutton.default\">\n\t\t\t\t<div class=\"elementor-widget-container\">\n\t\t\t\t\t<div class=\"btn-wrapper\"><a class=\"th-btn th_btn\" href=\"https:\/\/clients-conceptsk8.com\/larouche-tests\/fourriere\/\">En savoir plus<\/a><\/div>\t\t\t\t<\/div>\n\t\t\t\t<\/div>\n\t\t\t\t\t<\/div>\n\t\t<\/div>\n\t\t\t\t<div class=\"elementor-column elementor-col-50 elementor-top-column elementor-element elementor-element-c40f4f7\" data-id=\"c40f4f7\" data-element_type=\"column\">\n\t\t\t<div class=\"elementor-widget-wrap\">\n\t\t\t\t\t\t\t<\/div>\n\t\t<\/div>\n\t\t\t\t\t<\/div>\n\t\t<\/section>\n\t\t\t\t<\/div>\n\t\t","protected":false},"excerpt":{"rendered":"<p>Larouche Remorquage Services offerts Remorquage Chez Larouche, obtenez une assistance rapide et professionnelle pour tous vos besoins de remorquage automobile. En savoir plus Remorquage de v\u00e9hicule lourd Experts en remorquage de v\u00e9hicules lourds \u00e0 Larouche. Services fiables, \u00e9quipement sp\u00e9cialis\u00e9, intervention rapide pour r\u00e9soudre les situations difficiles. En savoir plus Service de transport Larouche vous offre&#8230;<\/p>\n","protected":false},"author":1,"featured_media":0,"parent":0,"menu_order":0,"comment_status":"closed","ping_status":"closed","template":"template-builder.php","meta":{"footnotes":""},"class_list":["post-23","page","type-page","status-publish","hentry"],"_links":{"self":[{"href":"https:\/\/clients-conceptsk8.com\/larouche-tests\/wp-json\/wp\/v2\/pages\/23","targetHints":{"allow":["GET"]}}],"collection":[{"href":"https:\/\/clients-conceptsk8.com\/larouche-tests\/wp-json\/wp\/v2\/pages"}],"about":[{"href":"https:\/\/clients-conceptsk8.com\/larouche-tests\/wp-json\/wp\/v2\/types\/page"}],"author":[{"embeddable":true,"href":"https:\/\/clients-conceptsk8.com\/larouche-tests\/wp-json\/wp\/v2\/users\/1"}],"replies":[{"embeddable":true,"href":"https:\/\/clients-conceptsk8.com\/larouche-tests\/wp-json\/wp\/v2\/comments?post=23"}],"version-history":[{"count":103,"href":"https:\/\/clients-conceptsk8.com\/larouche-tests\/wp-json\/wp\/v2\/pages\/23\/revisions"}],"predecessor-version":[{"id":3706,"href":"https:\/\/clients-conceptsk8.com\/larouche-tests\/wp-json\/wp\/v2\/pages\/23\/revisions\/3706"}],"wp:attachment":[{"href":"https:\/\/clients-conceptsk8.com\/larouche-tests\/wp-json\/wp\/v2\/media?parent=23"}],"curies":[{"name":"wp","href":"https:\/\/api.w.org\/{rel}","templated":true}]}}