{"id":24,"date":"2023-05-15T01:59:46","date_gmt":"2023-05-15T05:59:46","guid":{"rendered":"https:\/\/themeholy.com\/wordpress\/malen\/?page_id=24"},"modified":"2024-02-21T11:52:03","modified_gmt":"2024-02-21T16:52:03","slug":"remorquage","status":"publish","type":"page","link":"https:\/\/clients-conceptsk8.com\/larouche-tests\/remorquage\/","title":{"rendered":"Remorquage"},"content":{"rendered":"\t\t<div data-elementor-type=\"wp-page\" data-elementor-id=\"24\" class=\"elementor elementor-24\" data-elementor-post-type=\"page\">\n\t\t\t\t\t\t<section class=\"elementor-section elementor-top-section elementor-element elementor-element-b3c7e41 elementor-section-boxed elementor-section-height-default elementor-section-height-default\" data-id=\"b3c7e41\" data-element_type=\"section\">\n\t\t\t\t\t\t<div class=\"elementor-container elementor-column-gap-default\">\n\t\t\t\t\t<div class=\"elementor-column elementor-col-100 elementor-top-column elementor-element elementor-element-45d6036\" data-id=\"45d6036\" data-element_type=\"column\">\n\t\t\t<div class=\"elementor-widget-wrap\">\n\t\t\t\t\t\t\t<\/div>\n\t\t<\/div>\n\t\t\t\t\t<\/div>\n\t\t<\/section>\n\t\t\t\t<section class=\"elementor-section elementor-top-section elementor-element elementor-element-2f71408 elementor-reverse-tablet elementor-reverse-mobile elementor-section-boxed elementor-section-height-default elementor-section-height-default\" data-id=\"2f71408\" data-element_type=\"section\">\n\t\t\t\t\t\t<div class=\"elementor-container elementor-column-gap-no\">\n\t\t\t\t\t<div class=\"elementor-column elementor-col-50 elementor-top-column elementor-element elementor-element-fed7c54 sidebar-area\" data-id=\"fed7c54\" data-element_type=\"column\">\n\t\t\t<div class=\"elementor-widget-wrap elementor-element-populated\">\n\t\t\t\t\r\n\t\t<div class=\"elementor-element elementor-element-4b50308 elementor-widget elementor-widget-maleninfobox\" data-id=\"4b50308\" data-element_type=\"widget\" data-widget_type=\"maleninfobox.default\">\n\t\t\t\t<div class=\"elementor-widget-container\">\n\t\t\t\t\t\r\n        \t\t\t<div class=\"widget_banner  \" data-bg-src=\"https:\/\/conceptsk1.com\/larouche-dev\/wp-content\/uploads\/2024\/02\/besoin-aide-remorquage.jpg\">\r\n\t\t\t\t<div class=\"widget_wrapper\">\r\n\t\t\t\t\t<h4 class=\"widget_title\">Besoin d'aide?<\/h4>\r\n\t\t\t\t\t<div class=\"widget-banner\">\r\n\t\t\t\t\t\t<div class=\"widget-icon\">\r\n\t\t\t\t\t\t\t<a href=\"tel:4186220607\" class=\"play-btn\"><i class=\"fa-regular fa-phone\"><\/i><\/a>\r\n\t\t\t\t\t\t<\/div>\r\n\t\t\t\t\t\t<div class=\"widget-content\">\r\n\t\t\t\t\t\t\t<span class=\"widget_desc\">Appelez-nous <\/span>\r\n\t\t\t\t\t\t\t<a href=\"tel:4186220607\" class=\"banner-link\">418-622-0607<\/a>\r\n\t\t\t\t\t\t<\/div>\r\n\t\t\t\t\t<\/div>\r\n\t\t\t\t<\/div>\r\n\t\t\t<\/div>\r\n\r\n\r\n    \t\t\t\t\t<\/div>\n\t\t\t\t<\/div>\n\t\t\t\t\t<\/div>\n\t\t<\/div>\n\t\t\t\t<div class=\"elementor-column elementor-col-50 elementor-top-column elementor-element elementor-element-ab387dc\" data-id=\"ab387dc\" data-element_type=\"column\">\n\t\t\t<div class=\"elementor-widget-wrap elementor-element-populated\">\n\t\t\t\t\t\t<div class=\"elementor-element elementor-element-7e7b159 elementor-widget elementor-widget-malensectiontitle\" data-id=\"7e7b159\" data-element_type=\"widget\" data-widget_type=\"malensectiontitle.default\">\n\t\t\t\t<div class=\"elementor-widget-container\">\n\t\t\t\t\t\t\t<div class=\"title-area text-left\">\r\n\t\t\t\r\n\t\t\t<span class=\"sub-title th-sub\">Service<\/span><h2 class=\"sec-title th-title\">Remorquage<\/h2>\t\t<\/div>\r\n\r\n\t\t\t\t\t<\/div>\n\t\t\t\t<\/div>\n\t\t\t\t<section class=\"elementor-section elementor-inner-section elementor-element elementor-element-853fa56 elementor-section-boxed elementor-section-height-default elementor-section-height-default\" data-id=\"853fa56\" data-element_type=\"section\">\n\t\t\t\t\t\t<div class=\"elementor-container elementor-column-gap-default\">\n\t\t\t\t\t<div class=\"elementor-column elementor-col-50 elementor-inner-column elementor-element elementor-element-dfd20bd\" data-id=\"dfd20bd\" data-element_type=\"column\">\n\t\t\t<div class=\"elementor-widget-wrap elementor-element-populated\">\n\t\t\t\t\t\t<div class=\"elementor-element elementor-element-31856ae elementor-widget elementor-widget-image\" data-id=\"31856ae\" data-element_type=\"widget\" data-widget_type=\"image.default\">\n\t\t\t\t<div class=\"elementor-widget-container\">\n\t\t\t\t\t\t\t\t\t\t\t\t\t\t\t<img fetchpriority=\"high\" decoding=\"async\" width=\"716\" height=\"370\" src=\"https:\/\/clients-conceptsk8.com\/larouche-tests\/wp-content\/uploads\/2024\/02\/remorquage-service.jpg\" class=\"attachment-full size-full wp-image-3501\" alt=\"\" srcset=\"https:\/\/clients-conceptsk8.com\/larouche-tests\/wp-content\/uploads\/2024\/02\/remorquage-service.jpg 716w, https:\/\/clients-conceptsk8.com\/larouche-tests\/wp-content\/uploads\/2024\/02\/remorquage-service-300x155.jpg 300w, https:\/\/clients-conceptsk8.com\/larouche-tests\/wp-content\/uploads\/2024\/02\/remorquage-service-600x310.jpg 600w\" sizes=\"(max-width: 716px) 100vw, 716px\" \/>\t\t\t\t\t\t\t\t\t\t\t\t\t\t\t<\/div>\n\t\t\t\t<\/div>\n\t\t\t\t\t<\/div>\n\t\t<\/div>\n\t\t\t\t<div class=\"elementor-column elementor-col-50 elementor-inner-column elementor-element elementor-element-677b060\" data-id=\"677b060\" data-element_type=\"column\">\n\t\t\t<div class=\"elementor-widget-wrap\">\n\t\t\t\t\t\t\t<\/div>\n\t\t<\/div>\n\t\t\t\t\t<\/div>\n\t\t<\/section>\n\t\t\t\t<div class=\"elementor-element elementor-element-5e801b5 elementor-widget elementor-widget-text-editor\" data-id=\"5e801b5\" data-element_type=\"widget\" data-widget_type=\"text-editor.default\">\n\t\t\t\t<div class=\"elementor-widget-container\">\n\t\t\t\t\t\t\t\t\t<p>Qu&#8217;il s&#8217;agisse d&#8217;une crevaison, d&#8217;une batterie \u00e0 plat ou d&#8217;un accrochage, un service de remorquage fiable et efficace peut faire toute la diff\u00e9rence pour reprendre la route rapidement et en toute s\u00e9curit\u00e9.<\/p><p>Du temps de r\u00e9ponse et de la disponibilit\u00e9 \u00e0 la r\u00e9putation et aux commentaires des clients, Remorquage Larouche est la soci\u00e9t\u00e9 de remorquage \u00e0 Qu\u00e9bec qu\u2019il vous faut pour la tranquillit\u00e9 d&#8217;esprit dans ces moments inattendus.<\/p>\t\t\t\t\t\t\t\t<\/div>\n\t\t\t\t<\/div>\n\t\t\t\t\t<\/div>\n\t\t<\/div>\n\t\t\t\t\t<\/div>\n\t\t<\/section>\n\t\t\t\t<section class=\"elementor-section elementor-top-section elementor-element elementor-element-d13ad34 elementor-section-boxed elementor-section-height-default elementor-section-height-default\" data-id=\"d13ad34\" data-element_type=\"section\">\n\t\t\t\t\t\t<div class=\"elementor-container elementor-column-gap-narrow\">\n\t\t\t\t\t<div class=\"elementor-column elementor-col-25 elementor-top-column elementor-element elementor-element-717df48 elementor-invisible\" data-id=\"717df48\" data-element_type=\"column\" data-settings=\"{&quot;animation&quot;:&quot;zoomIn&quot;}\">\n\t\t\t<div class=\"elementor-widget-wrap elementor-element-populated\">\n\t\t\t\t\t\t<div class=\"elementor-element elementor-element-95507b7 elementor-view-default elementor-position-top elementor-mobile-position-top elementor-widget elementor-widget-icon-box\" data-id=\"95507b7\" data-element_type=\"widget\" data-widget_type=\"icon-box.default\">\n\t\t\t\t<div class=\"elementor-widget-container\">\n\t\t\t\t\t\t\t<div class=\"elementor-icon-box-wrapper\">\n\n\t\t\t\t\t\t<div class=\"elementor-icon-box-icon\">\n\t\t\t\t<span  class=\"elementor-icon elementor-animation-\">\n\t\t\t\t<svg xmlns=\"http:\/\/www.w3.org\/2000\/svg\" width=\"800px\" height=\"800px\" viewBox=\"0 0 512 512\" fill=\"#ff4c07\"><g id=\"SVGRepo_bgCarrier\" stroke-width=\"0\"><\/g><g id=\"SVGRepo_tracerCarrier\" stroke-linecap=\"round\" stroke-linejoin=\"round\"><\/g><g id=\"SVGRepo_iconCarrier\"><path fill=\"#ff4c07\" d=\"M410.023 21.232c-2.7.031-3.172.607-3.218.66-.047.054-.552.605-.198 3.282.355 2.677 1.76 6.855 4.356 11.627 5.191 9.544 14.921 21.467 27.59 32.441 12.668 10.975 25.856 18.905 36.043 22.682 5.093 1.888 9.43 2.683 12.13 2.652 2.7-.03 3.173-.606 3.22-.66.046-.054.549-.604.195-3.281-.355-2.677-1.76-6.855-4.356-11.627-5.19-9.544-14.921-21.467-27.59-32.442-12.668-10.974-25.858-18.904-36.045-22.681-5.093-1.889-9.426-2.684-12.127-2.653zM256 59C126.213 59 21 164.213 21 294c0 62.949 24.75 120.116 65.05 162.303C-5.246 505.069 189.163 486 256 486c66.665 0 253.486 27.16 198.918-54.678C483.806 380.45 491 357.122 491 294c0-64.833-26.256-123.532-68.713-166.049l-71.119 42.166 30.816-74.52C345.572 72.428 302.356 59 256 59zm156.018 11.07l-23.58 57.024 53.078-31.471-14.74-12.768-.008-.007-.008-.008-14.742-12.77zM256 141c84.393 0 153 68.607 153 153s-68.607 153-153 153-153-68.607-153-153 68.607-153 153-153zm0 18c-20.417 0-39.757 4.52-57.09 12.602C210.457 204.482 230.218 246 256 246c25.823 0 44.926-41.65 56.752-74.555C295.505 163.462 276.284 159 256 159zm98.752 42.88c-27.714 21.143-61.142 52.79-53.17 77.327 7.981 24.564 53.508 29.858 88.459 30.936.628-5.294.959-10.678.959-16.143 0-35.642-13.755-68.012-36.248-92.12zm-197.729.243C134.663 226.204 121 258.477 121 294c0 5.55.34 11.018.988 16.39 34.833-.825 80.381-6.793 88.344-31.3 7.974-24.542-25.68-55.553-53.309-76.967zm70.188 43.643a9 9 0 0 0-7.025 14.285 9 9 0 1 0 7.025-14.285zm57.578 0a9 9 0 1 0 7.025 14.285 9 9 0 0 0-7.025-14.285zM256 262c-17.673 0-32 14.327-32 32 0 17.673 14.327 32 32 32 17.673 0 32-14.327 32-32 0-17.673-14.327-32-32-32zm-46.297 38.037a9.001 9.001 0 0 0-8.432 11.781 9 9 0 0 0 11.34 5.778 9 9 0 0 0-2.908-17.559zm92.104.006a9 9 0 1 0 3.143.434 9 9 0 0 0-3.143-.434zm-91.391 27.715c-21.59.104-50.24 16.832-72.424 31.928 19.029 34.168 52.46 59.164 92.143 66.837 9.99-33.39 18.42-78.618-2.446-93.777-4.854-3.527-10.737-5.02-17.273-4.988zm91.016.02c-6.58 0-12.492 1.516-17.346 5.042-20.895 15.181-11.863 60.106-2.088 93.678 39.687-7.715 73.108-32.76 92.1-66.973-22.006-15.224-50.935-31.747-72.666-31.748zM256 333.58a9 9 0 1 0 0 18 9 9 0 0 0 0-18z\"><\/path><\/g><\/svg>\t\t\t\t<\/span>\n\t\t\t<\/div>\n\t\t\t\n\t\t\t\t\t\t<div class=\"elementor-icon-box-content\">\n\n\t\t\t\t\t\t\t\t\t<h3 class=\"elementor-icon-box-title\">\n\t\t\t\t\t\t<span  >\n\t\t\t\t\t\t\tR\u00e9paration de crevaison\t\t\t\t\t\t<\/span>\n\t\t\t\t\t<\/h3>\n\t\t\t\t\n\t\t\t\t\n\t\t\t<\/div>\n\t\t\t\n\t\t<\/div>\n\t\t\t\t\t\t<\/div>\n\t\t\t\t<\/div>\n\t\t\t\t\t<\/div>\n\t\t<\/div>\n\t\t\t\t<div class=\"elementor-column elementor-col-25 elementor-top-column elementor-element elementor-element-2931647 elementor-invisible\" data-id=\"2931647\" data-element_type=\"column\" data-settings=\"{&quot;animation&quot;:&quot;zoomIn&quot;}\">\n\t\t\t<div class=\"elementor-widget-wrap elementor-element-populated\">\n\t\t\t\t\t\t<div class=\"elementor-element elementor-element-8e26966 elementor-view-default elementor-position-top elementor-mobile-position-top elementor-widget elementor-widget-icon-box\" data-id=\"8e26966\" data-element_type=\"widget\" data-widget_type=\"icon-box.default\">\n\t\t\t\t<div class=\"elementor-widget-container\">\n\t\t\t\t\t\t\t<div class=\"elementor-icon-box-wrapper\">\n\n\t\t\t\t\t\t<div class=\"elementor-icon-box-icon\">\n\t\t\t\t<span  class=\"elementor-icon elementor-animation-\">\n\t\t\t\t<svg xmlns=\"http:\/\/www.w3.org\/2000\/svg\" xmlns:xlink=\"http:\/\/www.w3.org\/1999\/xlink\" fill=\"#ff4c07\" height=\"800px\" width=\"800px\" id=\"Capa_1\" viewBox=\"0 0 255.506 255.506\" xml:space=\"preserve\"><g id=\"SVGRepo_bgCarrier\" stroke-width=\"0\"><\/g><g id=\"SVGRepo_tracerCarrier\" stroke-linecap=\"round\" stroke-linejoin=\"round\"><\/g><g id=\"SVGRepo_iconCarrier\"> <g> <path d=\"M71.404,107.644c-24.345,0-44.15,19.805-44.15,44.148c0,24.345,19.806,44.151,44.15,44.151 c24.345,0,44.15-19.807,44.15-44.151C115.555,127.449,95.749,107.644,71.404,107.644z M109.9,148.979H88.461 c-0.438-2.705-1.499-5.197-3.04-7.331l15.131-15.131C105.861,132.63,109.28,140.42,109.9,148.979z M74.175,113.295 c8.553,0.61,16.339,4.014,22.456,9.307L81.503,137.73c-2.132-1.541-4.624-2.602-7.328-3.04V113.295z M68.634,113.295v21.395 c-2.705,0.439-5.197,1.5-7.329,3.042l-15.128-15.129C52.293,117.31,60.081,113.906,68.634,113.295z M42.255,126.518l15.133,15.132 c-1.541,2.133-2.601,4.625-3.039,7.329h-21.44C33.528,140.421,36.946,132.632,42.255,126.518z M32.902,154.52h21.446 c0.438,2.703,1.499,5.194,3.039,7.327L42.215,177.02C36.911,170.893,33.504,163.089,32.902,154.52z M68.634,190.292 c-8.575-0.611-16.381-4.032-22.505-9.35l15.177-15.177c2.132,1.54,4.624,2.601,7.328,3.039V190.292z M58.876,151.749 c0-6.921,5.61-12.532,12.528-12.532c6.92,0,12.529,5.611,12.529,12.532c0,6.919-5.609,12.527-12.529,12.527 C64.486,164.277,58.876,158.668,58.876,151.749z M74.175,190.292v-21.487c2.704-0.438,5.195-1.498,7.328-3.039l15.176,15.177 C90.555,186.259,82.749,189.68,74.175,190.292z M100.594,177.021l-15.173-15.173c1.541-2.132,2.602-4.624,3.04-7.328h21.445 C109.305,163.09,105.896,170.894,100.594,177.021z\"><\/path> <path d=\"M246.307,71.976c-0.973,0-1.971,0.14-2.968,0.414l-11.278,3.106l-11.712-28.531c-3.318-8.082-13.127-14.657-21.863-14.657 H88.877c-8.737,0-18.545,6.575-21.862,14.657L55.318,75.457L44.181,72.39c-0.997-0.274-1.995-0.414-2.968-0.414 c-5.331,0-9.199,4.072-9.199,9.683v6.649c0,1.258,0.2,2.469,0.563,3.606C12.989,104.66,0,126.731,0,151.792 c0,39.374,32.031,71.406,71.404,71.406c31.007,0,57.447-19.871,67.289-47.543h71.718v14.154c0,6.549,5.328,11.877,11.877,11.877 h15.511c6.549,0,11.877-5.328,11.877-11.877v-56.68c0-8.119-2.508-20.832-5.591-28.34l-1.89-4.604h1.434 c6.549,0,11.877-5.328,11.877-11.877v-6.649C255.506,76.048,251.638,71.976,246.307,71.976z M81.551,50.58 c1.984-4.835,7.884-8.79,13.11-8.79h98.041c5.227,0,11.126,3.955,13.11,8.79l17.717,43.154c1.984,4.835-0.667,8.79-5.894,8.79 h-94.621c-13.011-13.623-31.329-22.136-51.61-22.136c-0.708,0-1.408,0.033-2.112,0.054L81.551,50.58z M71.404,202.508 c-28.008,0-50.716-22.707-50.716-50.717c0-28.007,22.708-50.713,50.716-50.713c28.008,0,50.716,22.706,50.716,50.713 C122.12,179.801,99.412,202.508,71.404,202.508z M226.816,148.319c0,2.613-2.138,4.751-4.751,4.751h-33.653 c-2.613,0-4.751-2.138-4.751-4.751v-16.152c0-2.613,2.138-4.751,4.751-4.751h33.653c2.613,0,4.751,2.138,4.751,4.751V148.319z\"><\/path> <\/g> <\/g><\/svg>\t\t\t\t<\/span>\n\t\t\t<\/div>\n\t\t\t\n\t\t\t\t\t\t<div class=\"elementor-icon-box-content\">\n\n\t\t\t\t\t\t\t\t\t<h3 class=\"elementor-icon-box-title\">\n\t\t\t\t\t\t<span  >\n\t\t\t\t\t\t\tChangement de pneu crev\u00e9\t\t\t\t\t\t<\/span>\n\t\t\t\t\t<\/h3>\n\t\t\t\t\n\t\t\t\t\n\t\t\t<\/div>\n\t\t\t\n\t\t<\/div>\n\t\t\t\t\t\t<\/div>\n\t\t\t\t<\/div>\n\t\t\t\t\t<\/div>\n\t\t<\/div>\n\t\t\t\t<div class=\"elementor-column elementor-col-25 elementor-top-column elementor-element elementor-element-8fb4e87 elementor-invisible\" data-id=\"8fb4e87\" data-element_type=\"column\" data-settings=\"{&quot;animation&quot;:&quot;zoomIn&quot;}\">\n\t\t\t<div class=\"elementor-widget-wrap elementor-element-populated\">\n\t\t\t\t\t\t<div class=\"elementor-element elementor-element-76eb97d elementor-view-default elementor-position-top elementor-mobile-position-top elementor-widget elementor-widget-icon-box\" data-id=\"76eb97d\" data-element_type=\"widget\" data-widget_type=\"icon-box.default\">\n\t\t\t\t<div class=\"elementor-widget-container\">\n\t\t\t\t\t\t\t<div class=\"elementor-icon-box-wrapper\">\n\n\t\t\t\t\t\t<div class=\"elementor-icon-box-icon\">\n\t\t\t\t<span  class=\"elementor-icon elementor-animation-\">\n\t\t\t\t<i aria-hidden=\"true\" class=\"fas fa-car-battery\"><\/i>\t\t\t\t<\/span>\n\t\t\t<\/div>\n\t\t\t\n\t\t\t\t\t\t<div class=\"elementor-icon-box-content\">\n\n\t\t\t\t\t\t\t\t\t<h3 class=\"elementor-icon-box-title\">\n\t\t\t\t\t\t<span  >\n\t\t\t\t\t\t\tSurvoltage de batteries\t\t\t\t\t\t<\/span>\n\t\t\t\t\t<\/h3>\n\t\t\t\t\n\t\t\t\t\n\t\t\t<\/div>\n\t\t\t\n\t\t<\/div>\n\t\t\t\t\t\t<\/div>\n\t\t\t\t<\/div>\n\t\t\t\t\t<\/div>\n\t\t<\/div>\n\t\t\t\t<div class=\"elementor-column elementor-col-25 elementor-top-column elementor-element elementor-element-fab8f30 elementor-invisible\" data-id=\"fab8f30\" data-element_type=\"column\" data-settings=\"{&quot;animation&quot;:&quot;zoomIn&quot;}\">\n\t\t\t<div class=\"elementor-widget-wrap elementor-element-populated\">\n\t\t\t\t\t\t<div class=\"elementor-element elementor-element-ea6d51c elementor-view-default elementor-position-top elementor-mobile-position-top elementor-widget elementor-widget-icon-box\" data-id=\"ea6d51c\" data-element_type=\"widget\" data-widget_type=\"icon-box.default\">\n\t\t\t\t<div class=\"elementor-widget-container\">\n\t\t\t\t\t\t\t<div class=\"elementor-icon-box-wrapper\">\n\n\t\t\t\t\t\t<div class=\"elementor-icon-box-icon\">\n\t\t\t\t<span  class=\"elementor-icon elementor-animation-\">\n\t\t\t\t<i aria-hidden=\"true\" class=\"fas fa-key\"><\/i>\t\t\t\t<\/span>\n\t\t\t<\/div>\n\t\t\t\n\t\t\t\t\t\t<div class=\"elementor-icon-box-content\">\n\n\t\t\t\t\t\t\t\t\t<h3 class=\"elementor-icon-box-title\">\n\t\t\t\t\t\t<span  >\n\t\t\t\t\t\t\tD\u00e9verrouillage de porti\u00e8re\t\t\t\t\t\t<\/span>\n\t\t\t\t\t<\/h3>\n\t\t\t\t\n\t\t\t\t\n\t\t\t<\/div>\n\t\t\t\n\t\t<\/div>\n\t\t\t\t\t\t<\/div>\n\t\t\t\t<\/div>\n\t\t\t\t\t<\/div>\n\t\t<\/div>\n\t\t\t\t\t<\/div>\n\t\t<\/section>\n\t\t\t\t<section class=\"elementor-section elementor-top-section elementor-element elementor-element-cf2a96c elementor-section-boxed elementor-section-height-default elementor-section-height-default\" data-id=\"cf2a96c\" data-element_type=\"section\">\n\t\t\t\t\t\t<div class=\"elementor-container elementor-column-gap-narrow\">\n\t\t\t\t\t<div class=\"elementor-column elementor-col-25 elementor-top-column elementor-element elementor-element-8374280 elementor-invisible\" data-id=\"8374280\" data-element_type=\"column\" data-settings=\"{&quot;animation&quot;:&quot;zoomIn&quot;}\">\n\t\t\t<div class=\"elementor-widget-wrap elementor-element-populated\">\n\t\t\t\t\t\t<div class=\"elementor-element elementor-element-ed5a8bd elementor-view-default elementor-position-top elementor-mobile-position-top elementor-widget elementor-widget-icon-box\" data-id=\"ed5a8bd\" data-element_type=\"widget\" data-widget_type=\"icon-box.default\">\n\t\t\t\t<div class=\"elementor-widget-container\">\n\t\t\t\t\t\t\t<div class=\"elementor-icon-box-wrapper\">\n\n\t\t\t\t\t\t<div class=\"elementor-icon-box-icon\">\n\t\t\t\t<span  class=\"elementor-icon elementor-animation-\">\n\t\t\t\t<i aria-hidden=\"true\" class=\"fas fa-gas-pump\"><\/i>\t\t\t\t<\/span>\n\t\t\t<\/div>\n\t\t\t\n\t\t\t\t\t\t<div class=\"elementor-icon-box-content\">\n\n\t\t\t\t\t\t\t\t\t<h3 class=\"elementor-icon-box-title\">\n\t\t\t\t\t\t<span  >\n\t\t\t\t\t\t\tLivraison<br> d'essence\t\t\t\t\t\t<\/span>\n\t\t\t\t\t<\/h3>\n\t\t\t\t\n\t\t\t\t\n\t\t\t<\/div>\n\t\t\t\n\t\t<\/div>\n\t\t\t\t\t\t<\/div>\n\t\t\t\t<\/div>\n\t\t\t\t\t<\/div>\n\t\t<\/div>\n\t\t\t\t<div class=\"elementor-column elementor-col-25 elementor-top-column elementor-element elementor-element-58145b4 elementor-invisible\" data-id=\"58145b4\" data-element_type=\"column\" data-settings=\"{&quot;background_background&quot;:&quot;classic&quot;,&quot;animation&quot;:&quot;zoomIn&quot;}\">\n\t\t\t<div class=\"elementor-widget-wrap elementor-element-populated\">\n\t\t\t\t\t\t<div class=\"elementor-element elementor-element-59c4a3b elementor-view-default elementor-position-top elementor-mobile-position-top elementor-widget elementor-widget-icon-box\" data-id=\"59c4a3b\" data-element_type=\"widget\" data-widget_type=\"icon-box.default\">\n\t\t\t\t<div class=\"elementor-widget-container\">\n\t\t\t\t\t\t\t<div class=\"elementor-icon-box-wrapper\">\n\n\t\t\t\t\t\t<div class=\"elementor-icon-box-icon\">\n\t\t\t\t<span  class=\"elementor-icon elementor-animation-\">\n\t\t\t\t<i aria-hidden=\"true\" class=\"far fa-snowflake\"><\/i>\t\t\t\t<\/span>\n\t\t\t<\/div>\n\t\t\t\n\t\t\t\t\t\t<div class=\"elementor-icon-box-content\">\n\n\t\t\t\t\t\t\t\t\t<h3 class=\"elementor-icon-box-title\">\n\t\t\t\t\t\t<span  >\n\t\t\t\t\t\t\tEnlisement\t\t\t\t\t\t<\/span>\n\t\t\t\t\t<\/h3>\n\t\t\t\t\n\t\t\t\t\n\t\t\t<\/div>\n\t\t\t\n\t\t<\/div>\n\t\t\t\t\t\t<\/div>\n\t\t\t\t<\/div>\n\t\t\t\t\t<\/div>\n\t\t<\/div>\n\t\t\t\t<div class=\"elementor-column elementor-col-25 elementor-top-column elementor-element elementor-element-60751c6 elementor-invisible\" data-id=\"60751c6\" data-element_type=\"column\" data-settings=\"{&quot;animation&quot;:&quot;zoomIn&quot;}\">\n\t\t\t<div class=\"elementor-widget-wrap elementor-element-populated\">\n\t\t\t\t\t\t<div class=\"elementor-element elementor-element-277e94f elementor-view-default elementor-position-top elementor-mobile-position-top elementor-widget elementor-widget-icon-box\" data-id=\"277e94f\" data-element_type=\"widget\" data-widget_type=\"icon-box.default\">\n\t\t\t\t<div class=\"elementor-widget-container\">\n\t\t\t\t\t\t\t<div class=\"elementor-icon-box-wrapper\">\n\n\t\t\t\t\t\t<div class=\"elementor-icon-box-icon\">\n\t\t\t\t<span  class=\"elementor-icon elementor-animation-\">\n\t\t\t\t<i aria-hidden=\"true\" class=\"fas fa-warehouse\"><\/i>\t\t\t\t<\/span>\n\t\t\t<\/div>\n\t\t\t\n\t\t\t\t\t\t<div class=\"elementor-icon-box-content\">\n\n\t\t\t\t\t\t\t\t\t<h3 class=\"elementor-icon-box-title\">\n\t\t\t\t\t\t<span  >\n\t\t\t\t\t\t\tEspaces <br>restreints\t\t\t\t\t\t<\/span>\n\t\t\t\t\t<\/h3>\n\t\t\t\t\n\t\t\t\t\n\t\t\t<\/div>\n\t\t\t\n\t\t<\/div>\n\t\t\t\t\t\t<\/div>\n\t\t\t\t<\/div>\n\t\t\t\t\t<\/div>\n\t\t<\/div>\n\t\t\t\t<div class=\"elementor-column elementor-col-25 elementor-top-column elementor-element elementor-element-3d3ad75\" data-id=\"3d3ad75\" data-element_type=\"column\">\n\t\t\t<div class=\"elementor-widget-wrap\">\n\t\t\t\t\t\t\t<\/div>\n\t\t<\/div>\n\t\t\t\t\t<\/div>\n\t\t<\/section>\n\t\t\t\t<section class=\"elementor-section elementor-top-section elementor-element elementor-element-bf21d83 elementor-section-boxed elementor-section-height-default elementor-section-height-default\" data-id=\"bf21d83\" data-element_type=\"section\">\n\t\t\t\t\t\t<div class=\"elementor-container elementor-column-gap-default\">\n\t\t\t\t\t<div class=\"elementor-column elementor-col-100 elementor-top-column elementor-element elementor-element-a3eb0fd\" data-id=\"a3eb0fd\" data-element_type=\"column\">\n\t\t\t<div class=\"elementor-widget-wrap elementor-element-populated\">\n\t\t\t\t\t\t<div class=\"elementor-element elementor-element-7bf74e7 elementor-widget elementor-widget-spacer\" data-id=\"7bf74e7\" data-element_type=\"widget\" data-widget_type=\"spacer.default\">\n\t\t\t\t<div class=\"elementor-widget-container\">\n\t\t\t\t\t\t\t<div class=\"elementor-spacer\">\n\t\t\t<div class=\"elementor-spacer-inner\"><\/div>\n\t\t<\/div>\n\t\t\t\t\t\t<\/div>\n\t\t\t\t<\/div>\n\t\t\t\t\t<\/div>\n\t\t<\/div>\n\t\t\t\t\t<\/div>\n\t\t<\/section>\n\t\t\t\t<\/div>\n\t\t","protected":false},"excerpt":{"rendered":"<p>Besoin d&#8217;aide? Appelez-nous 418-622-0607 Service Remorquage Qu&#8217;il s&#8217;agisse d&#8217;une crevaison, d&#8217;une batterie \u00e0 plat ou d&#8217;un accrochage, un service de remorquage fiable et efficace peut faire toute la diff\u00e9rence pour reprendre la route rapidement et en toute s\u00e9curit\u00e9. Du temps de r\u00e9ponse et de la disponibilit\u00e9 \u00e0 la r\u00e9putation et aux commentaires des clients, Remorquage&#8230;<\/p>\n","protected":false},"author":1,"featured_media":0,"parent":0,"menu_order":0,"comment_status":"closed","ping_status":"closed","template":"template-builder.php","meta":{"footnotes":""},"class_list":["post-24","page","type-page","status-publish","hentry"],"_links":{"self":[{"href":"https:\/\/clients-conceptsk8.com\/larouche-tests\/wp-json\/wp\/v2\/pages\/24","targetHints":{"allow":["GET"]}}],"collection":[{"href":"https:\/\/clients-conceptsk8.com\/larouche-tests\/wp-json\/wp\/v2\/pages"}],"about":[{"href":"https:\/\/clients-conceptsk8.com\/larouche-tests\/wp-json\/wp\/v2\/types\/page"}],"author":[{"embeddable":true,"href":"https:\/\/clients-conceptsk8.com\/larouche-tests\/wp-json\/wp\/v2\/users\/1"}],"replies":[{"embeddable":true,"href":"https:\/\/clients-conceptsk8.com\/larouche-tests\/wp-json\/wp\/v2\/comments?post=24"}],"version-history":[{"count":147,"href":"https:\/\/clients-conceptsk8.com\/larouche-tests\/wp-json\/wp\/v2\/pages\/24\/revisions"}],"predecessor-version":[{"id":3603,"href":"https:\/\/clients-conceptsk8.com\/larouche-tests\/wp-json\/wp\/v2\/pages\/24\/revisions\/3603"}],"wp:attachment":[{"href":"https:\/\/clients-conceptsk8.com\/larouche-tests\/wp-json\/wp\/v2\/media?parent=24"}],"curies":[{"name":"wp","href":"https:\/\/api.w.org\/{rel}","templated":true}]}}